{"id":182,"date":"2018-08-15T15:37:42","date_gmt":"2018-08-15T13:37:42","guid":{"rendered":"https:\/\/csvd.ch\/?page_id=182"},"modified":"2025-02-28T13:48:10","modified_gmt":"2025-02-28T12:48:10","slug":"contatti","status":"publish","type":"page","link":"https:\/\/csvd.ch\/it\/contatti\/","title":{"rendered":"Contatti"},"content":{"rendered":"\n<h1>\n\t\tBienvenue\n\t<\/h1>\n\t\t<h2>\n\t\t\tComitato e Direzione\n\t\t<\/h2>\n\t<p>Il Comitato e la Direttrice della CSVD gestiscono congiuntamente le attivit\u00e0 quotidiane.<\/p>\n<h4>\n\t\tCO-PRESIDENTI\n\t<\/h4>\n\t<p><strong>Magdalena K\u00fcng<\/strong><\/p>\n<p>Koordinatorin H\u00e4usliche Gewalt<\/p>\n<p>Riedholzplatz 3<\/p>\n<p>4509 Solothurn<\/p>\n<p><a href=\"mailto:magdalena.kueng@ddi.so.ch\">magdalena.kueng@ddi.so.ch<\/a><\/p>\n<p>&nbsp;<\/p>\n<p><strong>Laurence Boegli<\/strong><\/p>\n<p>Cheffe d&#8217;office &#8211; D\u00e9l\u00e9gue\u00e9 \u00e0 l&#8217;\u00e9galit\u00e9<\/p>\n<p>Office de la politique familiale et de l&#8217;\u00e9galit\u00e9<\/p>\n<p>Rue de Tivoli 28<\/p>\n<p>Case postale 1<\/p>\n<p>2002 Neuch\u00e2tel<\/p>\n<p><a href=\"http:\/\/www.ne.ch\/opfe\">www.ne.ch\/opfe<\/a><\/p>\n<h4>\n\t\tDIRETTRICE\n\t<\/h4>\n\t<p><strong>Mireille Lambelet<\/strong><\/p>\n<p>079 357 97 36<\/p>\n<p><a href=\"mailto:mireille.lambelet@skhg.ch\">mireille.lambelet@skhg.ch<\/a><\/p>\n<h3>\n\t\tModulo di contatto\n\t<\/h3>\n                <a id='gf_3' class='gform_anchor' ><\/a><form method='post' enctype='multipart\/form-data' target='gform_ajax_frame_3' id='gform_3'  action='\/it\/?page_id=182&#038;fl_builder#gf_3'>\n                        <ul id='gform_fields_3' class='gform_fields top_label form_sublabel_below description_below'><li id='field_3_1'  class='gfield field_sublabel_below field_description_below gfield_visibility_visible' ><label class='gfield_label' for='input_3_1' >Cognome<\/label><input name='input_1' id='input_3_1' type='text' value='' class='medium'  tabindex='100'  placeholder='cognome'  aria-invalid=\"false\" \/><\/li><li id='field_3_2'  class='gfield field_sublabel_below field_description_below gfield_visibility_visible' ><label class='gfield_label' for='input_3_2' >Nome<\/label><input name='input_2' id='input_3_2' type='text' value='' class='medium'  tabindex='101'  placeholder='Il tuo nome'  aria-invalid=\"false\" \/><\/li><li id='field_3_3'  class='gfield field_sublabel_below field_description_below gfield_visibility_visible' ><label class='gfield_label' for='input_3_3' >Funzione\/istituzione<\/label><input name='input_3' id='input_3_3' type='text' value='' class='medium'  tabindex='102'  placeholder='funzione\/istituzione'  aria-invalid=\"false\" \/><\/li><li id='field_3_4'  class='gfield field_sublabel_below field_description_below gfield_visibility_visible' ><label class='gfield_label' for='input_3_4' >Email<\/label><input name='input_4' id='input_3_4' type='text' value='' class='medium'  tabindex='103'  placeholder='La tua email'  aria-invalid=\"false\" \/><\/li><li id='field_3_5'  class='gfield field_sublabel_below field_description_below gfield_visibility_visible' ><label class='gfield_label' for='input_3_5' >Telefono<\/label><input name='input_5' id='input_3_5' type='text' value='' class='medium'  tabindex='104'  placeholder='Il tuo Telefono'  aria-invalid=\"false\" \/><\/li><li id='field_3_7'  class='gfield field_sublabel_below field_description_below gfield_visibility_visible' ><label class='gfield_label' for='input_3_7' >Il tuo Messaggio<\/label><textarea name='input_7' id='input_3_7' class='textarea medium' tabindex='105'  placeholder='Messaggio'  aria-invalid=\"false\"   rows='10' cols='50'><\/textarea><\/li><li id='field_3_8'  class='gfield field_sublabel_below field_description_below gfield_visibility_visible' ><label class='gfield_label' for='input_3_8' >CAPTCHA<\/label><\/li>\n                            <\/ul>\n         <input type='submit' id='gform_submit_button_3' class='gform_button button' value='Invia' tabindex='107' onclick='if(window[\"gf_submitting_3\"]){return false;}  window[\"gf_submitting_3\"]=true;  ' onkeypress='if( event.keyCode == 13 ){ if(window[\"gf_submitting_3\"]){return false;} window[\"gf_submitting_3\"]=true;  jQuery(\"#gform_3\").trigger(\"submit\",[true]); }' \/> <input type='hidden' name='gform_ajax' value='form_id=3&amp;title=&amp;description=&amp;tabindex=100' \/>\n            <input type='hidden' class='gform_hidden' name='is_submit_3' value='1' \/>\n            <input type='hidden' class='gform_hidden' name='gform_submit' value='3' \/>\n            <input type='hidden' class='gform_hidden' name='gform_unique_id' value='' \/>\n            <input type='hidden' class='gform_hidden' name='state_3' value='WyJbXSIsImE0ZmFlOGE1ZTRjMzQyMTM3NGRjZjdkZjc2Zjk0NGNmIl0=' \/>\n            <input type='hidden' class='gform_hidden' name='gform_target_page_number_3' id='gform_target_page_number_3' value='0' \/>\n            <input type='hidden' class='gform_hidden' name='gform_source_page_number_3' id='gform_source_page_number_3' value='1' \/>\n            <input type='hidden' name='gform_field_values' value='' \/>\n                        <\/form>\n                <iframe style='display:none;width:0px;height:0px;' src='about:blank' name='gform_ajax_frame_3' id='gform_ajax_frame_3'>Questo iframe contiene la logica necessaria per gestire Gravity Forms con Ajax.<\/iframe>\n\n","protected":false},"excerpt":{"rendered":"<p>Bienvenue Comitato e Direzione Il Comitato e la Direttrice della CSVD gestiscono congiuntamente le attivit\u00e0 quotidiane. CO-PRESIDENTI Magdalena K\u00fcng Koordinatorin H\u00e4usliche Gewalt Riedholzplatz 3 4509 Solothurn magdalena.kueng@ddi.so.ch &nbsp; Laurence Boegli Cheffe d&#8217;office &#8211; D\u00e9l\u00e9gue\u00e9 \u00e0 l&#8217;\u00e9galit\u00e9 Office de la politique familiale et de l&#8217;\u00e9galit\u00e9 Rue de Tivoli 28 Case postale 1 2002 Neuch\u00e2tel www.ne.ch\/opfe DIRETTRICE&hellip;<\/p>\n","protected":false},"author":2,"featured_media":1200,"parent":0,"menu_order":0,"comment_status":"closed","ping_status":"closed","template":"","meta":{"_acf_changed":false,"footnotes":""},"class_list":["post-182","page","type-page","status-publish","has-post-thumbnail","hentry"],"acf":[],"yoast_head":"<!-- This site is optimized with the Yoast SEO plugin v27.2 - https:\/\/yoast.com\/product\/yoast-seo-wordpress\/ -->\n<title>Contatti - CSVD<\/title>\n<meta name=\"robots\" content=\"index, follow, max-snippet:-1, max-image-preview:large, max-video-preview:-1\" \/>\n<link rel=\"canonical\" href=\"https:\/\/csvd.ch\/contact\/\" \/>\n<meta property=\"og:locale\" content=\"it_IT\" \/>\n<meta property=\"og:type\" content=\"article\" \/>\n<meta property=\"og:title\" content=\"Contatti - CSVD\" \/>\n<meta property=\"og:description\" content=\"Bienvenue Comitato e Direzione Il Comitato e la Direttrice della CSVD gestiscono congiuntamente le attivit\u00e0 quotidiane. CO-PRESIDENTI Magdalena K\u00fcng Koordinatorin H\u00e4usliche Gewalt Riedholzplatz 3 4509 Solothurn magdalena.kueng@ddi.so.ch &nbsp; Laurence Boegli Cheffe d&#8217;office &#8211; D\u00e9l\u00e9gue\u00e9 \u00e0 l&#8217;\u00e9galit\u00e9 Office de la politique familiale et de l&#8217;\u00e9galit\u00e9 Rue de Tivoli 28 Case postale 1 2002 Neuch\u00e2tel www.ne.ch\/opfe DIRETTRICE&hellip;\" \/>\n<meta property=\"og:url\" content=\"https:\/\/csvd.ch\/contact\/\" \/>\n<meta property=\"og:site_name\" content=\"CSVD\" \/>\n<meta property=\"article:modified_time\" content=\"2025-02-28T12:48:10+00:00\" \/>\n<meta property=\"og:image\" content=\"https:\/\/csvd.ch\/app\/uploads\/2022\/12\/thumbnail-article-csvd.jpg\" \/>\n\t<meta property=\"og:image:width\" content=\"800\" \/>\n\t<meta property=\"og:image:height\" content=\"600\" \/>\n\t<meta property=\"og:image:type\" content=\"image\/jpeg\" \/>\n<meta name=\"twitter:card\" content=\"summary_large_image\" \/>\n<script type=\"application\/ld+json\" class=\"yoast-schema-graph\">{\"@context\":\"https:\/\/schema.org\",\"@graph\":[{\"@type\":\"WebPage\",\"@id\":\"https:\/\/csvd.ch\/contact\/\",\"url\":\"https:\/\/csvd.ch\/contact\/\",\"name\":\"Contatti - CSVD\",\"isPartOf\":{\"@id\":\"https:\/\/csvd.ch\/#website\"},\"primaryImageOfPage\":{\"@id\":\"https:\/\/csvd.ch\/contact\/#primaryimage\"},\"image\":{\"@id\":\"https:\/\/csvd.ch\/contact\/#primaryimage\"},\"thumbnailUrl\":\"https:\/\/csvd.ch\/app\/uploads\/2022\/12\/thumbnail-article-csvd.jpg\",\"datePublished\":\"2018-08-15T13:37:42+00:00\",\"dateModified\":\"2025-02-28T12:48:10+00:00\",\"breadcrumb\":{\"@id\":\"https:\/\/csvd.ch\/contact\/#breadcrumb\"},\"inLanguage\":\"it-IT\",\"potentialAction\":[{\"@type\":\"ReadAction\",\"target\":[\"https:\/\/csvd.ch\/contact\/\"]}]},{\"@type\":\"ImageObject\",\"inLanguage\":\"it-IT\",\"@id\":\"https:\/\/csvd.ch\/contact\/#primaryimage\",\"url\":\"https:\/\/csvd.ch\/app\/uploads\/2022\/12\/thumbnail-article-csvd.jpg\",\"contentUrl\":\"https:\/\/csvd.ch\/app\/uploads\/2022\/12\/thumbnail-article-csvd.jpg\",\"width\":800,\"height\":600},{\"@type\":\"BreadcrumbList\",\"@id\":\"https:\/\/csvd.ch\/contact\/#breadcrumb\",\"itemListElement\":[{\"@type\":\"ListItem\",\"position\":1,\"name\":\"Home\",\"item\":\"https:\/\/csvd.ch\/it\/\"},{\"@type\":\"ListItem\",\"position\":2,\"name\":\"Contatti\"}]},{\"@type\":\"WebSite\",\"@id\":\"https:\/\/csvd.ch\/#website\",\"url\":\"https:\/\/csvd.ch\/\",\"name\":\"CSVD\",\"description\":\"CSVD\",\"potentialAction\":[{\"@type\":\"SearchAction\",\"target\":{\"@type\":\"EntryPoint\",\"urlTemplate\":\"https:\/\/csvd.ch\/?s={search_term_string}\"},\"query-input\":{\"@type\":\"PropertyValueSpecification\",\"valueRequired\":true,\"valueName\":\"search_term_string\"}}],\"inLanguage\":\"it-IT\"}]}<\/script>\n<!-- \/ Yoast SEO plugin. -->","yoast_head_json":{"title":"Contatti - CSVD","robots":{"index":"index","follow":"follow","max-snippet":"max-snippet:-1","max-image-preview":"max-image-preview:large","max-video-preview":"max-video-preview:-1"},"canonical":"https:\/\/csvd.ch\/contact\/","og_locale":"it_IT","og_type":"article","og_title":"Contatti - CSVD","og_description":"Bienvenue Comitato e Direzione Il Comitato e la Direttrice della CSVD gestiscono congiuntamente le attivit\u00e0 quotidiane. CO-PRESIDENTI Magdalena K\u00fcng Koordinatorin H\u00e4usliche Gewalt Riedholzplatz 3 4509 Solothurn magdalena.kueng@ddi.so.ch &nbsp; Laurence Boegli Cheffe d&#8217;office &#8211; D\u00e9l\u00e9gue\u00e9 \u00e0 l&#8217;\u00e9galit\u00e9 Office de la politique familiale et de l&#8217;\u00e9galit\u00e9 Rue de Tivoli 28 Case postale 1 2002 Neuch\u00e2tel www.ne.ch\/opfe DIRETTRICE&hellip;","og_url":"https:\/\/csvd.ch\/contact\/","og_site_name":"CSVD","article_modified_time":"2025-02-28T12:48:10+00:00","og_image":[{"width":800,"height":600,"url":"https:\/\/csvd.ch\/app\/uploads\/2022\/12\/thumbnail-article-csvd.jpg","type":"image\/jpeg"}],"twitter_card":"summary_large_image","schema":{"@context":"https:\/\/schema.org","@graph":[{"@type":"WebPage","@id":"https:\/\/csvd.ch\/contact\/","url":"https:\/\/csvd.ch\/contact\/","name":"Contatti - CSVD","isPartOf":{"@id":"https:\/\/csvd.ch\/#website"},"primaryImageOfPage":{"@id":"https:\/\/csvd.ch\/contact\/#primaryimage"},"image":{"@id":"https:\/\/csvd.ch\/contact\/#primaryimage"},"thumbnailUrl":"https:\/\/csvd.ch\/app\/uploads\/2022\/12\/thumbnail-article-csvd.jpg","datePublished":"2018-08-15T13:37:42+00:00","dateModified":"2025-02-28T12:48:10+00:00","breadcrumb":{"@id":"https:\/\/csvd.ch\/contact\/#breadcrumb"},"inLanguage":"it-IT","potentialAction":[{"@type":"ReadAction","target":["https:\/\/csvd.ch\/contact\/"]}]},{"@type":"ImageObject","inLanguage":"it-IT","@id":"https:\/\/csvd.ch\/contact\/#primaryimage","url":"https:\/\/csvd.ch\/app\/uploads\/2022\/12\/thumbnail-article-csvd.jpg","contentUrl":"https:\/\/csvd.ch\/app\/uploads\/2022\/12\/thumbnail-article-csvd.jpg","width":800,"height":600},{"@type":"BreadcrumbList","@id":"https:\/\/csvd.ch\/contact\/#breadcrumb","itemListElement":[{"@type":"ListItem","position":1,"name":"Home","item":"https:\/\/csvd.ch\/it\/"},{"@type":"ListItem","position":2,"name":"Contatti"}]},{"@type":"WebSite","@id":"https:\/\/csvd.ch\/#website","url":"https:\/\/csvd.ch\/","name":"CSVD","description":"CSVD","potentialAction":[{"@type":"SearchAction","target":{"@type":"EntryPoint","urlTemplate":"https:\/\/csvd.ch\/?s={search_term_string}"},"query-input":{"@type":"PropertyValueSpecification","valueRequired":true,"valueName":"search_term_string"}}],"inLanguage":"it-IT"}]}},"_links":{"self":[{"href":"https:\/\/csvd.ch\/it\/wp-json\/wp\/v2\/pages\/182","targetHints":{"allow":["GET"]}}],"collection":[{"href":"https:\/\/csvd.ch\/it\/wp-json\/wp\/v2\/pages"}],"about":[{"href":"https:\/\/csvd.ch\/it\/wp-json\/wp\/v2\/types\/page"}],"author":[{"embeddable":true,"href":"https:\/\/csvd.ch\/it\/wp-json\/wp\/v2\/users\/2"}],"replies":[{"embeddable":true,"href":"https:\/\/csvd.ch\/it\/wp-json\/wp\/v2\/comments?post=182"}],"version-history":[{"count":28,"href":"https:\/\/csvd.ch\/it\/wp-json\/wp\/v2\/pages\/182\/revisions"}],"predecessor-version":[{"id":1519,"href":"https:\/\/csvd.ch\/it\/wp-json\/wp\/v2\/pages\/182\/revisions\/1519"}],"wp:featuredmedia":[{"embeddable":true,"href":"https:\/\/csvd.ch\/it\/wp-json\/wp\/v2\/media\/1200"}],"wp:attachment":[{"href":"https:\/\/csvd.ch\/it\/wp-json\/wp\/v2\/media?parent=182"}],"curies":[{"name":"wp","href":"https:\/\/api.w.org\/{rel}","templated":true}]}}