{"id":242,"date":"2018-06-04T16:50:40","date_gmt":"2018-06-04T14:50:40","guid":{"rendered":"https:\/\/csvd.ch\/rechtsgrundlagen\/suisse\/"},"modified":"2019-01-30T09:27:02","modified_gmt":"2019-01-30T08:27:02","slug":"schweiz","status":"publish","type":"page","link":"https:\/\/csvd.ch\/de\/rechtliches\/schweiz\/","title":{"rendered":"Schweiz"},"content":{"rendered":"<h1>\n\t\tRechtliches<br \/>\n\t<\/h1>\n<h2>\n\t\t\tSchweizerische Gesetzgebung<br \/>\n\t\t<\/h2>\n<h3><\/h3>\n<p>H\u00e4usliche Gewalt hat viele Gesichter und wirkt sich auf verschiedene Lebensbereiche aus. Ihre Bek\u00e4mpfung tangiert unterschiedliche Rechtsgebiete. Dementsprechend finden sich auch in mehreren Bundesgesetzen Bestimmungen zu h\u00e4uslicher Gewalt, so im\u00a0<a href=\"https:\/\/www.admin.ch\/opc\/de\/classified-compilation\/19370083\/index.html\">Schweizerischen Strafgesetzbuch\u00a0(StGB, SR 311.0)<\/a>, im <a href=\"https:\/\/www.admin.ch\/opc\/de\/classified-compilation\/19070042\/index.html\">Schweizerischen Zivilgesetzbuch<\/a> (ZGB, SR 210) und im <a href=\"https:\/\/www.admin.ch\/opc\/de\/classified-compilation\/20041159\/index.html\">Bundesgesetz \u00fcber die Hilfe an Opfer f\u00fcr Straftaten<\/a> (Opferhilfegesetz OHG, SR 312.5).<\/p>\n<h3><\/h3>\n<p>Ein nationales Gewaltschutzgesetz gibt es nicht, ein entsprechender <a href=\"https:\/\/www.parlament.ch\/de\/ratsbetrieb\/suche-curia-vista\/geschaeft?AffairId=20093411\">Vorstoss<\/a> wurde im Jahr 2009 abgelehnt. Einzig Art. 28b ZGB verpflichtet die Kantone dazu, der verletzten Partei auf Begehren zivilrechtlichen Schutz gegen h\u00e4usliche Gewalt, Drohungen und Nachstellungen zu gew\u00e4hren. Die Umsetzung blieb den Kantonen vorbehalten, was zu kantonalen Unterschieden in den zur Verf\u00fcgung stehenden Schutzmassnahmen f\u00fchrte. Mittlerweile haben alle Kantone Gewaltschutznormen in ihre Polizeigesetzgebung aufgenommen oder Gewaltschutzgesetze erlassen.<\/p>\n<h3><\/h3>\n<p>Mit dem Bundesgestz \u00fcber die Verbesserung des Schutzes gewaltbetroffener Personen werden das ZGB, die Zivilprozessodnung (ZPO, SR 272), das StGB und das Milit\u00e4rsstrafgesetz (MStG, SR 321.0) zurzeit angepasst.\u00a0 Mehr Informationen zur Beratung des Gesch\u00e4fts im Parlament sind auf der Internetseite des Parlaments zu finden <a href=\"https:\/\/www.parlament.ch\/de\/ratsbetrieb\/amtliches-bulletin\/amtliches-bulletin-die-verhandlungen?SubjectId=44057\">www.parlament.ch<\/a>.<\/p>\n<h4>\n\t\tWeitere Informationen zur Schweizerischen Gesetzgebung sind zu finden:<br \/>\n\t<\/h4>\n<\/p>\n<p>Im Informationsblatt Nr. 11 &#8220;H\u00e4usliche Gewalt in der Schweizerischen Gesetzgebung&#8221; des Eidgen\u00f6ssischen B\u00fcros f\u00fcr die Gleichstellung von Frau und Mann EBG<\/p>\n<p>                <a href=\"https:\/\/www.ebg.admin.ch\/dam\/ebg\/de\/dokumente\/publikationen\/dokumentation\/informationsblatt11haeuslichegewaltinderschweizergesetzgebung.pdf.download.pdf\/informationsblatt11haeuslichegewaltinderschweizergesetzgebung.pdf\" target=\"_blank\" rel=\"nofollow\">Link zur Website<\/a><\/p>\n<p>In der \u00dcbersichtstabelle zu den kantonalen Rechtsgrundlagen des EBG<\/p>\n<p>                <a href=\"https:\/\/www.ebg.admin.ch\/dam\/ebg\/de\/dokumente\/fachstellen_gegengewalt\/themen\/gegen_haeuslichegewaltstandgesetzgebungundumsetzunginderpraxis.pdf.download.pdf\/gegen_haeuslichegewaltstandgesetzgebungundumsetzunginderpraxis.pdf\" target=\"_blank\" rel=\"nofollow\">Link zur Website<\/a><\/p>\n","protected":false},"excerpt":{"rendered":"<p>Rechtliches Schweizerische Gesetzgebung H\u00e4usliche Gewalt hat viele Gesichter und wirkt sich auf verschiedene Lebensbereiche aus. Ihre Bek\u00e4mpfung tangiert unterschiedliche Rechtsgebiete. Dementsprechend finden sich auch in mehreren Bundesgesetzen Bestimmungen zu h\u00e4uslicher Gewalt, so im\u00a0Schweizerischen Strafgesetzbuch\u00a0(StGB, SR 311.0), im Schweizerischen Zivilgesetzbuch (ZGB, SR 210) und im Bundesgesetz \u00fcber die Hilfe an Opfer f\u00fcr Straftaten (Opferhilfegesetz OHG, SR&hellip;<\/p>\n","protected":false},"author":2,"featured_media":1200,"parent":220,"menu_order":0,"comment_status":"closed","ping_status":"closed","template":"","meta":{"_acf_changed":false,"footnotes":""},"class_list":["post-242","page","type-page","status-publish","has-post-thumbnail","hentry"],"acf":[],"yoast_head":"<!-- This site is optimized with the Yoast SEO plugin v27.2 - https:\/\/yoast.com\/product\/yoast-seo-wordpress\/ -->\n<title>Schweiz - CSVD<\/title>\n<meta name=\"robots\" content=\"index, follow, max-snippet:-1, max-image-preview:large, max-video-preview:-1\" \/>\n<link rel=\"canonical\" href=\"https:\/\/csvd.ch\/bases-legales\/suisse\/\" \/>\n<meta property=\"og:locale\" content=\"de_DE\" \/>\n<meta property=\"og:type\" content=\"article\" \/>\n<meta property=\"og:title\" content=\"Schweiz - CSVD\" \/>\n<meta property=\"og:description\" content=\"Rechtliches Schweizerische Gesetzgebung H\u00e4usliche Gewalt hat viele Gesichter und wirkt sich auf verschiedene Lebensbereiche aus. Ihre Bek\u00e4mpfung tangiert unterschiedliche Rechtsgebiete. Dementsprechend finden sich auch in mehreren Bundesgesetzen Bestimmungen zu h\u00e4uslicher Gewalt, so im\u00a0Schweizerischen Strafgesetzbuch\u00a0(StGB, SR 311.0), im Schweizerischen Zivilgesetzbuch (ZGB, SR 210) und im Bundesgesetz \u00fcber die Hilfe an Opfer f\u00fcr Straftaten (Opferhilfegesetz OHG, SR&hellip;\" \/>\n<meta property=\"og:url\" content=\"https:\/\/csvd.ch\/bases-legales\/suisse\/\" \/>\n<meta property=\"og:site_name\" content=\"CSVD\" \/>\n<meta property=\"article:modified_time\" content=\"2019-01-30T08:27:02+00:00\" \/>\n<meta property=\"og:image\" content=\"https:\/\/csvd.ch\/app\/uploads\/2022\/12\/thumbnail-article-csvd.jpg\" \/>\n\t<meta property=\"og:image:width\" content=\"800\" \/>\n\t<meta property=\"og:image:height\" content=\"600\" \/>\n\t<meta property=\"og:image:type\" content=\"image\/jpeg\" \/>\n<meta name=\"twitter:card\" content=\"summary_large_image\" \/>\n<meta name=\"twitter:label1\" content=\"Est. reading time\" \/>\n\t<meta name=\"twitter:data1\" content=\"1 minute\" \/>\n<script type=\"application\/ld+json\" class=\"yoast-schema-graph\">{\"@context\":\"https:\/\/schema.org\",\"@graph\":[{\"@type\":\"WebPage\",\"@id\":\"https:\/\/csvd.ch\/bases-legales\/suisse\/\",\"url\":\"https:\/\/csvd.ch\/bases-legales\/suisse\/\",\"name\":\"Schweiz - CSVD\",\"isPartOf\":{\"@id\":\"https:\/\/csvd.ch\/#website\"},\"primaryImageOfPage\":{\"@id\":\"https:\/\/csvd.ch\/bases-legales\/suisse\/#primaryimage\"},\"image\":{\"@id\":\"https:\/\/csvd.ch\/bases-legales\/suisse\/#primaryimage\"},\"thumbnailUrl\":\"https:\/\/csvd.ch\/app\/uploads\/2022\/12\/thumbnail-article-csvd.jpg\",\"datePublished\":\"2018-06-04T14:50:40+00:00\",\"dateModified\":\"2019-01-30T08:27:02+00:00\",\"breadcrumb\":{\"@id\":\"https:\/\/csvd.ch\/bases-legales\/suisse\/#breadcrumb\"},\"inLanguage\":\"de-DE\",\"potentialAction\":[{\"@type\":\"ReadAction\",\"target\":[\"https:\/\/csvd.ch\/bases-legales\/suisse\/\"]}]},{\"@type\":\"ImageObject\",\"inLanguage\":\"de-DE\",\"@id\":\"https:\/\/csvd.ch\/bases-legales\/suisse\/#primaryimage\",\"url\":\"https:\/\/csvd.ch\/app\/uploads\/2022\/12\/thumbnail-article-csvd.jpg\",\"contentUrl\":\"https:\/\/csvd.ch\/app\/uploads\/2022\/12\/thumbnail-article-csvd.jpg\",\"width\":800,\"height\":600},{\"@type\":\"BreadcrumbList\",\"@id\":\"https:\/\/csvd.ch\/bases-legales\/suisse\/#breadcrumb\",\"itemListElement\":[{\"@type\":\"ListItem\",\"position\":1,\"name\":\"Home\",\"item\":\"https:\/\/csvd.ch\/de\/\"},{\"@type\":\"ListItem\",\"position\":2,\"name\":\"Rechtliches\",\"item\":\"https:\/\/csvd.ch\/bases-legales\/\"},{\"@type\":\"ListItem\",\"position\":3,\"name\":\"Schweiz\"}]},{\"@type\":\"WebSite\",\"@id\":\"https:\/\/csvd.ch\/#website\",\"url\":\"https:\/\/csvd.ch\/\",\"name\":\"CSVD\",\"description\":\"CSVD\",\"potentialAction\":[{\"@type\":\"SearchAction\",\"target\":{\"@type\":\"EntryPoint\",\"urlTemplate\":\"https:\/\/csvd.ch\/?s={search_term_string}\"},\"query-input\":{\"@type\":\"PropertyValueSpecification\",\"valueRequired\":true,\"valueName\":\"search_term_string\"}}],\"inLanguage\":\"de-DE\"}]}<\/script>\n<!-- \/ Yoast SEO plugin. -->","yoast_head_json":{"title":"Schweiz - CSVD","robots":{"index":"index","follow":"follow","max-snippet":"max-snippet:-1","max-image-preview":"max-image-preview:large","max-video-preview":"max-video-preview:-1"},"canonical":"https:\/\/csvd.ch\/bases-legales\/suisse\/","og_locale":"de_DE","og_type":"article","og_title":"Schweiz - CSVD","og_description":"Rechtliches Schweizerische Gesetzgebung H\u00e4usliche Gewalt hat viele Gesichter und wirkt sich auf verschiedene Lebensbereiche aus. Ihre Bek\u00e4mpfung tangiert unterschiedliche Rechtsgebiete. Dementsprechend finden sich auch in mehreren Bundesgesetzen Bestimmungen zu h\u00e4uslicher Gewalt, so im\u00a0Schweizerischen Strafgesetzbuch\u00a0(StGB, SR 311.0), im Schweizerischen Zivilgesetzbuch (ZGB, SR 210) und im Bundesgesetz \u00fcber die Hilfe an Opfer f\u00fcr Straftaten (Opferhilfegesetz OHG, SR&hellip;","og_url":"https:\/\/csvd.ch\/bases-legales\/suisse\/","og_site_name":"CSVD","article_modified_time":"2019-01-30T08:27:02+00:00","og_image":[{"width":800,"height":600,"url":"https:\/\/csvd.ch\/app\/uploads\/2022\/12\/thumbnail-article-csvd.jpg","type":"image\/jpeg"}],"twitter_card":"summary_large_image","twitter_misc":{"Est. reading time":"1 minute"},"schema":{"@context":"https:\/\/schema.org","@graph":[{"@type":"WebPage","@id":"https:\/\/csvd.ch\/bases-legales\/suisse\/","url":"https:\/\/csvd.ch\/bases-legales\/suisse\/","name":"Schweiz - CSVD","isPartOf":{"@id":"https:\/\/csvd.ch\/#website"},"primaryImageOfPage":{"@id":"https:\/\/csvd.ch\/bases-legales\/suisse\/#primaryimage"},"image":{"@id":"https:\/\/csvd.ch\/bases-legales\/suisse\/#primaryimage"},"thumbnailUrl":"https:\/\/csvd.ch\/app\/uploads\/2022\/12\/thumbnail-article-csvd.jpg","datePublished":"2018-06-04T14:50:40+00:00","dateModified":"2019-01-30T08:27:02+00:00","breadcrumb":{"@id":"https:\/\/csvd.ch\/bases-legales\/suisse\/#breadcrumb"},"inLanguage":"de-DE","potentialAction":[{"@type":"ReadAction","target":["https:\/\/csvd.ch\/bases-legales\/suisse\/"]}]},{"@type":"ImageObject","inLanguage":"de-DE","@id":"https:\/\/csvd.ch\/bases-legales\/suisse\/#primaryimage","url":"https:\/\/csvd.ch\/app\/uploads\/2022\/12\/thumbnail-article-csvd.jpg","contentUrl":"https:\/\/csvd.ch\/app\/uploads\/2022\/12\/thumbnail-article-csvd.jpg","width":800,"height":600},{"@type":"BreadcrumbList","@id":"https:\/\/csvd.ch\/bases-legales\/suisse\/#breadcrumb","itemListElement":[{"@type":"ListItem","position":1,"name":"Home","item":"https:\/\/csvd.ch\/de\/"},{"@type":"ListItem","position":2,"name":"Rechtliches","item":"https:\/\/csvd.ch\/bases-legales\/"},{"@type":"ListItem","position":3,"name":"Schweiz"}]},{"@type":"WebSite","@id":"https:\/\/csvd.ch\/#website","url":"https:\/\/csvd.ch\/","name":"CSVD","description":"CSVD","potentialAction":[{"@type":"SearchAction","target":{"@type":"EntryPoint","urlTemplate":"https:\/\/csvd.ch\/?s={search_term_string}"},"query-input":{"@type":"PropertyValueSpecification","valueRequired":true,"valueName":"search_term_string"}}],"inLanguage":"de-DE"}]}},"_links":{"self":[{"href":"https:\/\/csvd.ch\/de\/wp-json\/wp\/v2\/pages\/242","targetHints":{"allow":["GET"]}}],"collection":[{"href":"https:\/\/csvd.ch\/de\/wp-json\/wp\/v2\/pages"}],"about":[{"href":"https:\/\/csvd.ch\/de\/wp-json\/wp\/v2\/types\/page"}],"author":[{"embeddable":true,"href":"https:\/\/csvd.ch\/de\/wp-json\/wp\/v2\/users\/2"}],"replies":[{"embeddable":true,"href":"https:\/\/csvd.ch\/de\/wp-json\/wp\/v2\/comments?post=242"}],"version-history":[{"count":16,"href":"https:\/\/csvd.ch\/de\/wp-json\/wp\/v2\/pages\/242\/revisions"}],"predecessor-version":[{"id":879,"href":"https:\/\/csvd.ch\/de\/wp-json\/wp\/v2\/pages\/242\/revisions\/879"}],"up":[{"embeddable":true,"href":"https:\/\/csvd.ch\/de\/wp-json\/wp\/v2\/pages\/220"}],"wp:featuredmedia":[{"embeddable":true,"href":"https:\/\/csvd.ch\/de\/wp-json\/wp\/v2\/media\/1200"}],"wp:attachment":[{"href":"https:\/\/csvd.ch\/de\/wp-json\/wp\/v2\/media?parent=242"}],"curies":[{"name":"wp","href":"https:\/\/api.w.org\/{rel}","templated":true}]}}