{"id":241,"date":"2018-06-04T16:51:10","date_gmt":"2018-06-04T14:51:10","guid":{"rendered":"https:\/\/csvd.ch\/rechtsgrundlagen\/international\/"},"modified":"2018-10-23T20:57:51","modified_gmt":"2018-10-23T18:57:51","slug":"international","status":"publish","type":"page","link":"https:\/\/csvd.ch\/de\/rechtliches\/international\/","title":{"rendered":"International"},"content":{"rendered":"<h1>\n\t\tRechtliches<br \/>\n\t<\/h1>\n<h2>\n\t\t\tInternationale Gesetzgebung<br \/>\n\t\t<\/h2>\n<p>Auch auf internationaler Ebene befassen sich unterschiedliche Abkommen mit der Thematik h\u00e4uslicher Gewalt. Im <a href=\"https:\/\/www.ebg.admin.ch\/ebg\/de\/home\/dokumentation\/publikationen\/publikationen-zu-gewalt\/informationsblaetter-haeusliche-gewalt.html\">Informationsblatt Nr. 24<\/a> des EBG sind die relevanten internationalen Menschenrechtsvertr\u00e4ge zusammengestellt. Umfassende Informationen zum Thema Menschenrechte bietet die Informationsplattform <a href=\"https:\/\/www.humanrights.ch\/?gclid=EAIaIQobChMI3-qGwPiu2AIVwrvtCh2HVAC_EAAYASAAEgJ5ZvD_BwE\">humanrights.ch<\/a>.<\/p>\n<h4>\n\t\tAuf drei besonders wichtige internationale Konventionen wird im Folgenden kurz eingegangen<br \/>\n\t<\/h4>\n<p>Das \u00dcbereinkommen des Europarats zur Verh\u00fctung und Bek\u00e4mpfung von Gewalt gegen Frauen und h\u00e4usliche Gewalt (<a href=\"https:\/\/www.admin.ch\/opc\/de\/classified-compilation\/20162518\/index.html\">Istanbul-Konvention<\/a>) tritt per 1.4.2018 in Kraft.\u00a0 Dieses \u00dcbereinkommen ist ein umfassendes Instrument f\u00fcr Europa, das die Bek\u00e4mpfung h\u00e4uslicher Gewalt mittels Gewaltpr\u00e4vention, Opferschutz und Strafverfolgung zum Ziel hat.<\/p>\n<p>&nbsp;<\/p>\n<p>Die Europ\u00e4ische <a href=\"https:\/\/www.admin.ch\/opc\/de\/classified-compilation\/19500267\/index.html\">Konvention zum Schutze der Menschenrechte und Grundfreiheiten<\/a> (Menschenrechtskonvention EMRK, SR 0.101) enth\u00e4lt keine ausdr\u00fccklichen Bestimmungen zu h\u00e4uslicher Gewalt. Der Europ\u00e4ische Gerichtshof f\u00fcr Menschenrechte EGMR stellt jedoch in seinem Informationsblatt zur Rechtsprechung des EGMR im Bereich der h\u00e4uslichen Gewalt die wichtigsten F\u00e4lle zusammen (s. <a href=\"http:\/\/www.echr.coe.int\/Pages\/home.aspx?p=press\/factsheets\/german\">Informationsbl\u00e4tter zur Rechtsprechung des EGMR<\/a>).<\/p>\n<p>&nbsp;<\/p>\n<p>Das <a href=\"https:\/\/www.admin.ch\/opc\/de\/classified-compilation\/19983322\/index.html\">\u00dcbereinkommen zur Beseitigung jeder Form von Diskriminierung der Frau<\/a> (Convention on the Elimination of All Form of Discrimination Against Women CEDAW, SR 1.208) enth\u00e4lt keine Gewaltschutzbestimmungen. Der CEDAW-Ausschuss hielt jedoch in seiner allgemeinen Empfehlung Nr. 19 vgl. allgemeine <a href=\"http:\/\/www.ohchr.org\/EN\/HRBodies\/CEDAW\/Pages\/Recommendations.aspx\">CEDAW-Empfehlungen<\/a> auf Englisch oder Franz\u00f6sisch) fest, dass Gewalt gegen Frauen eine verbotene Diskriminierung darstelle.<\/p>\n","protected":false},"excerpt":{"rendered":"<p>Rechtliches Internationale Gesetzgebung Auch auf internationaler Ebene befassen sich unterschiedliche Abkommen mit der Thematik h\u00e4uslicher Gewalt. Im Informationsblatt Nr. 24 des EBG sind die relevanten internationalen Menschenrechtsvertr\u00e4ge zusammengestellt. Umfassende Informationen zum Thema Menschenrechte bietet die Informationsplattform humanrights.ch. Auf drei besonders wichtige internationale Konventionen wird im Folgenden kurz eingegangen Das \u00dcbereinkommen des Europarats zur Verh\u00fctung und&hellip;<\/p>\n","protected":false},"author":2,"featured_media":1200,"parent":220,"menu_order":0,"comment_status":"closed","ping_status":"closed","template":"","meta":{"_acf_changed":false,"footnotes":""},"class_list":["post-241","page","type-page","status-publish","has-post-thumbnail","hentry"],"acf":[],"yoast_head":"<!-- This site is optimized with the Yoast SEO plugin v27.2 - https:\/\/yoast.com\/product\/yoast-seo-wordpress\/ -->\n<title>International - CSVD<\/title>\n<meta name=\"robots\" content=\"index, follow, max-snippet:-1, max-image-preview:large, max-video-preview:-1\" \/>\n<link rel=\"canonical\" href=\"https:\/\/csvd.ch\/bases-legales\/international\/\" \/>\n<meta property=\"og:locale\" content=\"de_DE\" \/>\n<meta property=\"og:type\" content=\"article\" \/>\n<meta property=\"og:title\" content=\"International - CSVD\" \/>\n<meta property=\"og:description\" content=\"Rechtliches Internationale Gesetzgebung Auch auf internationaler Ebene befassen sich unterschiedliche Abkommen mit der Thematik h\u00e4uslicher Gewalt. Im Informationsblatt Nr. 24 des EBG sind die relevanten internationalen Menschenrechtsvertr\u00e4ge zusammengestellt. Umfassende Informationen zum Thema Menschenrechte bietet die Informationsplattform humanrights.ch. Auf drei besonders wichtige internationale Konventionen wird im Folgenden kurz eingegangen Das \u00dcbereinkommen des Europarats zur Verh\u00fctung und&hellip;\" \/>\n<meta property=\"og:url\" content=\"https:\/\/csvd.ch\/bases-legales\/international\/\" \/>\n<meta property=\"og:site_name\" content=\"CSVD\" \/>\n<meta property=\"article:modified_time\" content=\"2018-10-23T18:57:51+00:00\" \/>\n<meta property=\"og:image\" content=\"https:\/\/csvd.ch\/app\/uploads\/2022\/12\/thumbnail-article-csvd.jpg\" \/>\n\t<meta property=\"og:image:width\" content=\"800\" \/>\n\t<meta property=\"og:image:height\" content=\"600\" \/>\n\t<meta property=\"og:image:type\" content=\"image\/jpeg\" \/>\n<meta name=\"twitter:card\" content=\"summary_large_image\" \/>\n<meta name=\"twitter:label1\" content=\"Est. reading time\" \/>\n\t<meta name=\"twitter:data1\" content=\"1 minute\" \/>\n<script type=\"application\/ld+json\" class=\"yoast-schema-graph\">{\"@context\":\"https:\/\/schema.org\",\"@graph\":[{\"@type\":\"WebPage\",\"@id\":\"https:\/\/csvd.ch\/bases-legales\/international\/\",\"url\":\"https:\/\/csvd.ch\/bases-legales\/international\/\",\"name\":\"International - CSVD\",\"isPartOf\":{\"@id\":\"https:\/\/csvd.ch\/#website\"},\"primaryImageOfPage\":{\"@id\":\"https:\/\/csvd.ch\/bases-legales\/international\/#primaryimage\"},\"image\":{\"@id\":\"https:\/\/csvd.ch\/bases-legales\/international\/#primaryimage\"},\"thumbnailUrl\":\"https:\/\/csvd.ch\/app\/uploads\/2022\/12\/thumbnail-article-csvd.jpg\",\"datePublished\":\"2018-06-04T14:51:10+00:00\",\"dateModified\":\"2018-10-23T18:57:51+00:00\",\"breadcrumb\":{\"@id\":\"https:\/\/csvd.ch\/bases-legales\/international\/#breadcrumb\"},\"inLanguage\":\"de-DE\",\"potentialAction\":[{\"@type\":\"ReadAction\",\"target\":[\"https:\/\/csvd.ch\/bases-legales\/international\/\"]}]},{\"@type\":\"ImageObject\",\"inLanguage\":\"de-DE\",\"@id\":\"https:\/\/csvd.ch\/bases-legales\/international\/#primaryimage\",\"url\":\"https:\/\/csvd.ch\/app\/uploads\/2022\/12\/thumbnail-article-csvd.jpg\",\"contentUrl\":\"https:\/\/csvd.ch\/app\/uploads\/2022\/12\/thumbnail-article-csvd.jpg\",\"width\":800,\"height\":600},{\"@type\":\"BreadcrumbList\",\"@id\":\"https:\/\/csvd.ch\/bases-legales\/international\/#breadcrumb\",\"itemListElement\":[{\"@type\":\"ListItem\",\"position\":1,\"name\":\"Home\",\"item\":\"https:\/\/csvd.ch\/de\/\"},{\"@type\":\"ListItem\",\"position\":2,\"name\":\"Rechtliches\",\"item\":\"https:\/\/csvd.ch\/bases-legales\/\"},{\"@type\":\"ListItem\",\"position\":3,\"name\":\"International\"}]},{\"@type\":\"WebSite\",\"@id\":\"https:\/\/csvd.ch\/#website\",\"url\":\"https:\/\/csvd.ch\/\",\"name\":\"CSVD\",\"description\":\"CSVD\",\"potentialAction\":[{\"@type\":\"SearchAction\",\"target\":{\"@type\":\"EntryPoint\",\"urlTemplate\":\"https:\/\/csvd.ch\/?s={search_term_string}\"},\"query-input\":{\"@type\":\"PropertyValueSpecification\",\"valueRequired\":true,\"valueName\":\"search_term_string\"}}],\"inLanguage\":\"de-DE\"}]}<\/script>\n<!-- \/ Yoast SEO plugin. -->","yoast_head_json":{"title":"International - CSVD","robots":{"index":"index","follow":"follow","max-snippet":"max-snippet:-1","max-image-preview":"max-image-preview:large","max-video-preview":"max-video-preview:-1"},"canonical":"https:\/\/csvd.ch\/bases-legales\/international\/","og_locale":"de_DE","og_type":"article","og_title":"International - CSVD","og_description":"Rechtliches Internationale Gesetzgebung Auch auf internationaler Ebene befassen sich unterschiedliche Abkommen mit der Thematik h\u00e4uslicher Gewalt. Im Informationsblatt Nr. 24 des EBG sind die relevanten internationalen Menschenrechtsvertr\u00e4ge zusammengestellt. Umfassende Informationen zum Thema Menschenrechte bietet die Informationsplattform humanrights.ch. Auf drei besonders wichtige internationale Konventionen wird im Folgenden kurz eingegangen Das \u00dcbereinkommen des Europarats zur Verh\u00fctung und&hellip;","og_url":"https:\/\/csvd.ch\/bases-legales\/international\/","og_site_name":"CSVD","article_modified_time":"2018-10-23T18:57:51+00:00","og_image":[{"width":800,"height":600,"url":"https:\/\/csvd.ch\/app\/uploads\/2022\/12\/thumbnail-article-csvd.jpg","type":"image\/jpeg"}],"twitter_card":"summary_large_image","twitter_misc":{"Est. reading time":"1 minute"},"schema":{"@context":"https:\/\/schema.org","@graph":[{"@type":"WebPage","@id":"https:\/\/csvd.ch\/bases-legales\/international\/","url":"https:\/\/csvd.ch\/bases-legales\/international\/","name":"International - CSVD","isPartOf":{"@id":"https:\/\/csvd.ch\/#website"},"primaryImageOfPage":{"@id":"https:\/\/csvd.ch\/bases-legales\/international\/#primaryimage"},"image":{"@id":"https:\/\/csvd.ch\/bases-legales\/international\/#primaryimage"},"thumbnailUrl":"https:\/\/csvd.ch\/app\/uploads\/2022\/12\/thumbnail-article-csvd.jpg","datePublished":"2018-06-04T14:51:10+00:00","dateModified":"2018-10-23T18:57:51+00:00","breadcrumb":{"@id":"https:\/\/csvd.ch\/bases-legales\/international\/#breadcrumb"},"inLanguage":"de-DE","potentialAction":[{"@type":"ReadAction","target":["https:\/\/csvd.ch\/bases-legales\/international\/"]}]},{"@type":"ImageObject","inLanguage":"de-DE","@id":"https:\/\/csvd.ch\/bases-legales\/international\/#primaryimage","url":"https:\/\/csvd.ch\/app\/uploads\/2022\/12\/thumbnail-article-csvd.jpg","contentUrl":"https:\/\/csvd.ch\/app\/uploads\/2022\/12\/thumbnail-article-csvd.jpg","width":800,"height":600},{"@type":"BreadcrumbList","@id":"https:\/\/csvd.ch\/bases-legales\/international\/#breadcrumb","itemListElement":[{"@type":"ListItem","position":1,"name":"Home","item":"https:\/\/csvd.ch\/de\/"},{"@type":"ListItem","position":2,"name":"Rechtliches","item":"https:\/\/csvd.ch\/bases-legales\/"},{"@type":"ListItem","position":3,"name":"International"}]},{"@type":"WebSite","@id":"https:\/\/csvd.ch\/#website","url":"https:\/\/csvd.ch\/","name":"CSVD","description":"CSVD","potentialAction":[{"@type":"SearchAction","target":{"@type":"EntryPoint","urlTemplate":"https:\/\/csvd.ch\/?s={search_term_string}"},"query-input":{"@type":"PropertyValueSpecification","valueRequired":true,"valueName":"search_term_string"}}],"inLanguage":"de-DE"}]}},"_links":{"self":[{"href":"https:\/\/csvd.ch\/de\/wp-json\/wp\/v2\/pages\/241","targetHints":{"allow":["GET"]}}],"collection":[{"href":"https:\/\/csvd.ch\/de\/wp-json\/wp\/v2\/pages"}],"about":[{"href":"https:\/\/csvd.ch\/de\/wp-json\/wp\/v2\/types\/page"}],"author":[{"embeddable":true,"href":"https:\/\/csvd.ch\/de\/wp-json\/wp\/v2\/users\/2"}],"replies":[{"embeddable":true,"href":"https:\/\/csvd.ch\/de\/wp-json\/wp\/v2\/comments?post=241"}],"version-history":[{"count":12,"href":"https:\/\/csvd.ch\/de\/wp-json\/wp\/v2\/pages\/241\/revisions"}],"predecessor-version":[{"id":744,"href":"https:\/\/csvd.ch\/de\/wp-json\/wp\/v2\/pages\/241\/revisions\/744"}],"up":[{"embeddable":true,"href":"https:\/\/csvd.ch\/de\/wp-json\/wp\/v2\/pages\/220"}],"wp:featuredmedia":[{"embeddable":true,"href":"https:\/\/csvd.ch\/de\/wp-json\/wp\/v2\/media\/1200"}],"wp:attachment":[{"href":"https:\/\/csvd.ch\/de\/wp-json\/wp\/v2\/media?parent=241"}],"curies":[{"name":"wp","href":"https:\/\/api.w.org\/{rel}","templated":true}]}}