{"id":206,"date":"2018-06-04T16:51:59","date_gmt":"2018-06-04T14:51:59","guid":{"rendered":"https:\/\/csvd.ch\/?page_id=206"},"modified":"2023-05-25T09:03:35","modified_gmt":"2023-05-25T07:03:35","slug":"die-istanbul-konvention","status":"publish","type":"page","link":"https:\/\/csvd.ch\/de\/die-istanbul-konvention\/","title":{"rendered":"Istanbul-Konvention"},"content":{"rendered":"\n<h1>\n\t\tBienvenue\n\t<\/h1>\n\t\t\n\t\t\t\t\n\t\t\t<p>Das \u00dcbereinkommen des Europarats zur Verh\u00fctung und Bek\u00e4mpfung von Gewalt gegen Frauen und h\u00e4usliche Gewalt (<a href=\"https:\/\/www.admin.ch\/opc\/de\/classified-compilation\/20162518\/index.html\">Istanbul-Konvention<\/a>) trat am 1. April 2018 f\u00fcr die Schweiz in Kraft, nachdem es am 14. Dezember 2017 ratifiziert worden war. Es verfolgt das Ziel, jegliche Form von Gewalt gegen Frauen und h\u00e4uslicher Gewalt zu verh\u00fcten, zu bek\u00e4mpfen und zu verfolgen. Die drei Hauptpfeiler der Konvention sind die Gewaltpr\u00e4vention (Prevention), der Gewaltschutz (Protection) sowie die Strafverfolgung (Prosecution). Die Istanbul-Konvention wird gemeinsam von Bund, Kantonen und nichtstaatlichen Organisationen umgesetzt.<\/p>\n\t\t\t\t\n\t\t\t<p>Auf Bundesebene koordiniert das Eidgen\u00f6ssische B\u00fcro f\u00fcr Gleichstellung von Frau und Mann EBG die Umsetzung der Istanbul-Konvention im Auftrag des Bundesrates.<\/p>\n\t\t\t\t\n\t\t\t<p>Auf interkantonaler Ebene ist die SKHG von der <a href=\"https:\/\/www.kkjpd.ch\/home.html\">Konferenz der Kantonalen Justiz- und Polizeidirektorinnen und -direktoren KKJPD<\/a> sowie bei der <a href=\"http:\/\/www.sodk.ch\/ueber-die-sodk\/\">Konferenz der kantonalen Sozialdirektorinnen und Sozialdirektoren SODK<\/a>\u00a0mit der Koordination der Umsetzung der Istanbul-Konvention beauftragt worden.<\/p>\n\t\t\n\t\t\t\t\n\t\t\t<p>Seitens Nichtregierungs- und Nonprofit-Organisationen wird die Umsetzung der Istanbul-Konvention durch ein schweizerisches Netzwerk begleitet. Dieses Netzwerk betreibt auch eine <a href=\"http:\/\/istanbulkonvention.ch\/\">Online-Plattform.<\/a><\/p>\n\t\t\t\t\n\t\t\t<p>Im Sommer 2018 erarbeitetete die SKHG eine Bestandsaufnahme zur Istanbul-Konvention und definierte sieben priorit\u00e4re Themenbereiche f\u00fcr die erste Umsetzungsphase. Dieses Grundlagenpapier, das im Herbst 2018 von den Vorst\u00e4nden der KKJPD und SODK genehmigt wurde, wird am 13. November 2018 zusammen mit den Grundlagendokumenten des Bundes ver\u00f6ffentlicht.<\/p>\n\t\t\t\t\n\t\t\t<p>Weitere Informationen zur Istanbul-Konvention sind im Factsheet der SKHG vom <a href=\"https:\/\/csvd.ch\/app\/uploads\/2018\/09\/180326_istanbul_konvention_factsheet_d.pdf\">M\u00e4rz 2018<\/a> zu finden.<\/p>\n\t\t\t\t\n\t\t\t<p>Im Rahmen des Staatenberichts publiziert die SKHG eine <a href=\"https:\/\/csvd.ch\/de\/ubersicht-aktions-und-massnahmenplane\/\">Zusammenstellung der Kantonalen Aktions- und Massnahmenpl\u00e4ne<\/a> sowie der Regierungsauftr\u00e4ge.<\/p>\n\n","protected":false},"excerpt":{"rendered":"<p>Bienvenue Das \u00dcbereinkommen des Europarats zur Verh\u00fctung und Bek\u00e4mpfung von Gewalt gegen Frauen und h\u00e4usliche Gewalt (Istanbul-Konvention) trat am 1. April 2018 f\u00fcr die Schweiz in Kraft, nachdem es am 14. Dezember 2017 ratifiziert worden war. Es verfolgt das Ziel, jegliche Form von Gewalt gegen Frauen und h\u00e4uslicher Gewalt zu verh\u00fcten, zu bek\u00e4mpfen und zu&hellip;<\/p>\n","protected":false},"author":2,"featured_media":1200,"parent":0,"menu_order":0,"comment_status":"closed","ping_status":"closed","template":"","meta":{"_acf_changed":false,"footnotes":""},"class_list":["post-206","page","type-page","status-publish","has-post-thumbnail","hentry"],"acf":[],"yoast_head":"<!-- This site is optimized with the Yoast SEO plugin v27.2 - https:\/\/yoast.com\/product\/yoast-seo-wordpress\/ -->\n<title>Istanbul-Konvention - CSVD<\/title>\n<meta name=\"robots\" content=\"index, follow, max-snippet:-1, max-image-preview:large, max-video-preview:-1\" \/>\n<link rel=\"canonical\" href=\"https:\/\/csvd.ch\/convention-distanbul\/\" \/>\n<meta property=\"og:locale\" content=\"de_DE\" \/>\n<meta property=\"og:type\" content=\"article\" \/>\n<meta property=\"og:title\" content=\"Istanbul-Konvention - CSVD\" \/>\n<meta property=\"og:description\" content=\"Bienvenue Das \u00dcbereinkommen des Europarats zur Verh\u00fctung und Bek\u00e4mpfung von Gewalt gegen Frauen und h\u00e4usliche Gewalt (Istanbul-Konvention) trat am 1. April 2018 f\u00fcr die Schweiz in Kraft, nachdem es am 14. Dezember 2017 ratifiziert worden war. Es verfolgt das Ziel, jegliche Form von Gewalt gegen Frauen und h\u00e4uslicher Gewalt zu verh\u00fcten, zu bek\u00e4mpfen und zu&hellip;\" \/>\n<meta property=\"og:url\" content=\"https:\/\/csvd.ch\/convention-distanbul\/\" \/>\n<meta property=\"og:site_name\" content=\"CSVD\" \/>\n<meta property=\"article:modified_time\" content=\"2023-05-25T07:03:35+00:00\" \/>\n<meta property=\"og:image\" content=\"https:\/\/csvd.ch\/app\/uploads\/2022\/12\/thumbnail-article-csvd.jpg\" \/>\n\t<meta property=\"og:image:width\" content=\"800\" \/>\n\t<meta property=\"og:image:height\" content=\"600\" \/>\n\t<meta property=\"og:image:type\" content=\"image\/jpeg\" \/>\n<meta name=\"twitter:card\" content=\"summary_large_image\" \/>\n<meta name=\"twitter:label1\" content=\"Est. reading time\" \/>\n\t<meta name=\"twitter:data1\" content=\"1 minute\" \/>\n<script type=\"application\/ld+json\" class=\"yoast-schema-graph\">{\"@context\":\"https:\/\/schema.org\",\"@graph\":[{\"@type\":\"WebPage\",\"@id\":\"https:\/\/csvd.ch\/convention-distanbul\/\",\"url\":\"https:\/\/csvd.ch\/convention-distanbul\/\",\"name\":\"Istanbul-Konvention - CSVD\",\"isPartOf\":{\"@id\":\"https:\/\/csvd.ch\/#website\"},\"primaryImageOfPage\":{\"@id\":\"https:\/\/csvd.ch\/convention-distanbul\/#primaryimage\"},\"image\":{\"@id\":\"https:\/\/csvd.ch\/convention-distanbul\/#primaryimage\"},\"thumbnailUrl\":\"https:\/\/csvd.ch\/app\/uploads\/2022\/12\/thumbnail-article-csvd.jpg\",\"datePublished\":\"2018-06-04T14:51:59+00:00\",\"dateModified\":\"2023-05-25T07:03:35+00:00\",\"breadcrumb\":{\"@id\":\"https:\/\/csvd.ch\/convention-distanbul\/#breadcrumb\"},\"inLanguage\":\"de-DE\",\"potentialAction\":[{\"@type\":\"ReadAction\",\"target\":[\"https:\/\/csvd.ch\/convention-distanbul\/\"]}]},{\"@type\":\"ImageObject\",\"inLanguage\":\"de-DE\",\"@id\":\"https:\/\/csvd.ch\/convention-distanbul\/#primaryimage\",\"url\":\"https:\/\/csvd.ch\/app\/uploads\/2022\/12\/thumbnail-article-csvd.jpg\",\"contentUrl\":\"https:\/\/csvd.ch\/app\/uploads\/2022\/12\/thumbnail-article-csvd.jpg\",\"width\":800,\"height\":600},{\"@type\":\"BreadcrumbList\",\"@id\":\"https:\/\/csvd.ch\/convention-distanbul\/#breadcrumb\",\"itemListElement\":[{\"@type\":\"ListItem\",\"position\":1,\"name\":\"Home\",\"item\":\"https:\/\/csvd.ch\/de\/\"},{\"@type\":\"ListItem\",\"position\":2,\"name\":\"Istanbul-Konvention\"}]},{\"@type\":\"WebSite\",\"@id\":\"https:\/\/csvd.ch\/#website\",\"url\":\"https:\/\/csvd.ch\/\",\"name\":\"CSVD\",\"description\":\"CSVD\",\"potentialAction\":[{\"@type\":\"SearchAction\",\"target\":{\"@type\":\"EntryPoint\",\"urlTemplate\":\"https:\/\/csvd.ch\/?s={search_term_string}\"},\"query-input\":{\"@type\":\"PropertyValueSpecification\",\"valueRequired\":true,\"valueName\":\"search_term_string\"}}],\"inLanguage\":\"de-DE\"}]}<\/script>\n<!-- \/ Yoast SEO plugin. -->","yoast_head_json":{"title":"Istanbul-Konvention - CSVD","robots":{"index":"index","follow":"follow","max-snippet":"max-snippet:-1","max-image-preview":"max-image-preview:large","max-video-preview":"max-video-preview:-1"},"canonical":"https:\/\/csvd.ch\/convention-distanbul\/","og_locale":"de_DE","og_type":"article","og_title":"Istanbul-Konvention - CSVD","og_description":"Bienvenue Das \u00dcbereinkommen des Europarats zur Verh\u00fctung und Bek\u00e4mpfung von Gewalt gegen Frauen und h\u00e4usliche Gewalt (Istanbul-Konvention) trat am 1. April 2018 f\u00fcr die Schweiz in Kraft, nachdem es am 14. Dezember 2017 ratifiziert worden war. Es verfolgt das Ziel, jegliche Form von Gewalt gegen Frauen und h\u00e4uslicher Gewalt zu verh\u00fcten, zu bek\u00e4mpfen und zu&hellip;","og_url":"https:\/\/csvd.ch\/convention-distanbul\/","og_site_name":"CSVD","article_modified_time":"2023-05-25T07:03:35+00:00","og_image":[{"width":800,"height":600,"url":"https:\/\/csvd.ch\/app\/uploads\/2022\/12\/thumbnail-article-csvd.jpg","type":"image\/jpeg"}],"twitter_card":"summary_large_image","twitter_misc":{"Est. reading time":"1 minute"},"schema":{"@context":"https:\/\/schema.org","@graph":[{"@type":"WebPage","@id":"https:\/\/csvd.ch\/convention-distanbul\/","url":"https:\/\/csvd.ch\/convention-distanbul\/","name":"Istanbul-Konvention - CSVD","isPartOf":{"@id":"https:\/\/csvd.ch\/#website"},"primaryImageOfPage":{"@id":"https:\/\/csvd.ch\/convention-distanbul\/#primaryimage"},"image":{"@id":"https:\/\/csvd.ch\/convention-distanbul\/#primaryimage"},"thumbnailUrl":"https:\/\/csvd.ch\/app\/uploads\/2022\/12\/thumbnail-article-csvd.jpg","datePublished":"2018-06-04T14:51:59+00:00","dateModified":"2023-05-25T07:03:35+00:00","breadcrumb":{"@id":"https:\/\/csvd.ch\/convention-distanbul\/#breadcrumb"},"inLanguage":"de-DE","potentialAction":[{"@type":"ReadAction","target":["https:\/\/csvd.ch\/convention-distanbul\/"]}]},{"@type":"ImageObject","inLanguage":"de-DE","@id":"https:\/\/csvd.ch\/convention-distanbul\/#primaryimage","url":"https:\/\/csvd.ch\/app\/uploads\/2022\/12\/thumbnail-article-csvd.jpg","contentUrl":"https:\/\/csvd.ch\/app\/uploads\/2022\/12\/thumbnail-article-csvd.jpg","width":800,"height":600},{"@type":"BreadcrumbList","@id":"https:\/\/csvd.ch\/convention-distanbul\/#breadcrumb","itemListElement":[{"@type":"ListItem","position":1,"name":"Home","item":"https:\/\/csvd.ch\/de\/"},{"@type":"ListItem","position":2,"name":"Istanbul-Konvention"}]},{"@type":"WebSite","@id":"https:\/\/csvd.ch\/#website","url":"https:\/\/csvd.ch\/","name":"CSVD","description":"CSVD","potentialAction":[{"@type":"SearchAction","target":{"@type":"EntryPoint","urlTemplate":"https:\/\/csvd.ch\/?s={search_term_string}"},"query-input":{"@type":"PropertyValueSpecification","valueRequired":true,"valueName":"search_term_string"}}],"inLanguage":"de-DE"}]}},"_links":{"self":[{"href":"https:\/\/csvd.ch\/de\/wp-json\/wp\/v2\/pages\/206","targetHints":{"allow":["GET"]}}],"collection":[{"href":"https:\/\/csvd.ch\/de\/wp-json\/wp\/v2\/pages"}],"about":[{"href":"https:\/\/csvd.ch\/de\/wp-json\/wp\/v2\/types\/page"}],"author":[{"embeddable":true,"href":"https:\/\/csvd.ch\/de\/wp-json\/wp\/v2\/users\/2"}],"replies":[{"embeddable":true,"href":"https:\/\/csvd.ch\/de\/wp-json\/wp\/v2\/comments?post=206"}],"version-history":[{"count":22,"href":"https:\/\/csvd.ch\/de\/wp-json\/wp\/v2\/pages\/206\/revisions"}],"predecessor-version":[{"id":1356,"href":"https:\/\/csvd.ch\/de\/wp-json\/wp\/v2\/pages\/206\/revisions\/1356"}],"wp:featuredmedia":[{"embeddable":true,"href":"https:\/\/csvd.ch\/de\/wp-json\/wp\/v2\/media\/1200"}],"wp:attachment":[{"href":"https:\/\/csvd.ch\/de\/wp-json\/wp\/v2\/media?parent=206"}],"curies":[{"name":"wp","href":"https:\/\/api.w.org\/{rel}","templated":true}]}}