{"id":201,"date":"2018-06-04T16:52:20","date_gmt":"2018-06-04T14:52:20","guid":{"rendered":"https:\/\/csvd.ch\/?page_id=201"},"modified":"2024-01-21T14:16:09","modified_gmt":"2024-01-21T13:16:09","slug":"positionen-presse-publikationen","status":"publish","type":"page","link":"https:\/\/csvd.ch\/de\/positionen-presse-publikationen\/","title":{"rendered":"Positionen, Presse, Publikationen"},"content":{"rendered":"\n<h1>\n\t\tLa l\u00e9gislation Internationale\n\t<\/h1>\n\t<p>Die SKHG gibt regelm\u00e4ssig fachliche Empfehlungen zur Verbesserung der Bek\u00e4mpfung h\u00e4uslicher Gewalt in der Schweiz ab, vertritt die Interessen der Kantone in nationalen Arbeitsgruppen, nimmt an Vernehmlassungsverfahren des Bundes teil, erteilt Medienausk\u00fcnfte und beobachtet gesellschaftliche Entwicklungen. <\/p>\n\t\t<h2>\n\t\t\tPositionen\n\t\t<\/h2>\n\t<meta itemscope itemprop=\"mainEntityOfPage\" itemtype=\"https:\/\/schema.org\/WebPage\" itemid=\"https:\/\/csvd.ch\/de\/stellungnahme-zum-vorentwurf-bei-hauslicher-gewalt-die-hartefallpraxis-nach-artikel-50-aig-garantieren-01-02-2023\/\" content=\"Stellungnahme zum Vorentwurf &#8220;Bei h\u00e4uslicher Gewalt die H\u00e4rtefallpraxis nach Artikel 50 AIG garantieren&#8221; 01.02.2023\" \/><meta itemprop=\"datePublished\" content=\"2023-03-07\" \/><meta itemprop=\"dateModified\" content=\"2023-05-25\" \/><meta itemprop=\"name\" content=\"CSVD\"\/><meta itemprop=\"url\" content=\"https:\/\/csvd.ch\/app\/uploads\/2018\/06\/CSVD_logo.png\"\/><meta itemprop=\"url\" content=\"https:\/\/csvd.ch\/de\/author\/csvd\/\" \/><meta itemprop=\"name\" content=\"Karin Lestuzzi\" \/><meta itemprop=\"url\" content=\"https:\/\/csvd.ch\/app\/uploads\/2022\/12\/thumbnail-article-csvd.jpg\" \/><meta itemprop=\"width\" content=\"800\" \/><meta itemprop=\"height\" content=\"600\" \/><meta itemprop=\"interactionType\" content=\"https:\/\/schema.org\/CommentAction\" \/><meta itemprop=\"userInteractionCount\" content=\"0\" \/>\n\t<img loading=\"lazy\" decoding=\"async\" width=\"800\" height=\"600\" src=\"https:\/\/csvd.ch\/app\/uploads\/2022\/12\/thumbnail-article-csvd.jpg\" alt=\"\" itemprop=\"image\" srcset=\"https:\/\/csvd.ch\/app\/uploads\/2022\/12\/thumbnail-article-csvd.jpg 800w, https:\/\/csvd.ch\/app\/uploads\/2022\/12\/thumbnail-article-csvd-300x225.jpg 300w, https:\/\/csvd.ch\/app\/uploads\/2022\/12\/thumbnail-article-csvd-768x576.jpg 768w\" sizes=\"auto, (max-width: 800px) 100vw, 800px\" \/>\n<h3>\n    <a href=\"https:\/\/csvd.ch\/app\/uploads\/2023\/02\/23_02_01_Stellungnahme_SKHG_Revision_50_AIG_Haertefall_HG.pdf\">\n        <br \/>\n        Stellungnahme zum Vorentwurf &#8220;Bei h\u00e4uslicher Gewalt die H\u00e4rtefallpraxis nach Artikel 50 AIG garantieren&#8221; 01.02.2023  \n    <\/a>\n<\/h3>\n<!--\n         7 March 2023 \n-->\n\t<meta itemscope itemprop=\"mainEntityOfPage\" itemtype=\"https:\/\/schema.org\/WebPage\" itemid=\"https:\/\/csvd.ch\/de\/genehmigung-und-umsetzung-des-istanbul-konvention\/\" content=\"Genehmigung und Umsetzung der Istanbul-Konvention &#8211; 28.01.2016\" \/><meta itemprop=\"datePublished\" content=\"2018-09-03\" \/><meta itemprop=\"dateModified\" content=\"2021-06-23\" \/><meta itemprop=\"name\" content=\"CSVD\"\/><meta itemprop=\"url\" content=\"https:\/\/csvd.ch\/app\/uploads\/2018\/06\/CSVD_logo.png\"\/><meta itemprop=\"url\" content=\"https:\/\/csvd.ch\/de\/author\/wmdevg15\/\" \/><meta itemprop=\"name\" content=\"WmDevg15\" \/><meta itemprop=\"url\" content=\"https:\/\/csvd.ch\/app\/uploads\/2022\/12\/thumbnail-article-csvd.jpg\" \/><meta itemprop=\"width\" content=\"800\" \/><meta itemprop=\"height\" content=\"600\" \/><meta itemprop=\"interactionType\" content=\"https:\/\/schema.org\/CommentAction\" \/><meta itemprop=\"userInteractionCount\" content=\"0\" \/>\n\t<img loading=\"lazy\" decoding=\"async\" width=\"800\" height=\"600\" src=\"https:\/\/csvd.ch\/app\/uploads\/2022\/12\/thumbnail-article-csvd.jpg\" alt=\"\" itemprop=\"image\" srcset=\"https:\/\/csvd.ch\/app\/uploads\/2022\/12\/thumbnail-article-csvd.jpg 800w, https:\/\/csvd.ch\/app\/uploads\/2022\/12\/thumbnail-article-csvd-300x225.jpg 300w, https:\/\/csvd.ch\/app\/uploads\/2022\/12\/thumbnail-article-csvd-768x576.jpg 768w\" sizes=\"auto, (max-width: 800px) 100vw, 800px\" \/>\n<h3>\n    <a href=\"https:\/\/csvd.ch\/app\/uploads\/2018\/09\/convention_istanbul_csvd_d_2016_01_28.pdf\">\n        <br \/>\n        Genehmigung und Umsetzung der Istanbul-Konvention &#8211; 28.01.2016  \n    <\/a>\n<\/h3>\n<!--\n         3 September 2018 \n-->\n\t\t<h2>\n\t\t\tPresse\n\t\t<\/h2>\n\t<meta itemscope itemprop=\"mainEntityOfPage\" itemtype=\"https:\/\/schema.org\/WebPage\" itemid=\"https:\/\/csvd.ch\/de\/offener-brief-an-bundesrat-guy-parmelin-vorsteher-des-vbs\/\" content=\"Offener Brief an Bundesrat G. Parmelin, Vorsteher des VBS &#8211; 10.05.2017\" \/><meta itemprop=\"datePublished\" content=\"2018-09-03\" \/><meta itemprop=\"dateModified\" content=\"2018-10-16\" \/><meta itemprop=\"name\" content=\"CSVD\"\/><meta itemprop=\"url\" content=\"https:\/\/csvd.ch\/app\/uploads\/2018\/06\/CSVD_logo.png\"\/><meta itemprop=\"url\" content=\"https:\/\/csvd.ch\/de\/author\/wmdevg15\/\" \/><meta itemprop=\"name\" content=\"WmDevg15\" \/><meta itemprop=\"url\" content=\"https:\/\/csvd.ch\/app\/uploads\/2022\/12\/thumbnail-article-csvd.jpg\" \/><meta itemprop=\"width\" content=\"800\" \/><meta itemprop=\"height\" content=\"600\" \/><meta itemprop=\"interactionType\" content=\"https:\/\/schema.org\/CommentAction\" \/><meta itemprop=\"userInteractionCount\" content=\"0\" \/>\n\t<img loading=\"lazy\" decoding=\"async\" width=\"800\" height=\"600\" src=\"https:\/\/csvd.ch\/app\/uploads\/2022\/12\/thumbnail-article-csvd.jpg\" alt=\"\" itemprop=\"image\" srcset=\"https:\/\/csvd.ch\/app\/uploads\/2022\/12\/thumbnail-article-csvd.jpg 800w, https:\/\/csvd.ch\/app\/uploads\/2022\/12\/thumbnail-article-csvd-300x225.jpg 300w, https:\/\/csvd.ch\/app\/uploads\/2022\/12\/thumbnail-article-csvd-768x576.jpg 768w\" sizes=\"auto, (max-width: 800px) 100vw, 800px\" \/>\n<h3>\n    <a href=\"https:\/\/csvd.ch\/app\/uploads\/2018\/09\/17_05_10_brief_guyparmelin.pdf\">\n        <br \/>\n        Offener Brief an Bundesrat G. Parmelin, Vorsteher des VBS &#8211; 10.05.2017  \n    <\/a>\n<\/h3>\n<!--\n         3 September 2018 \n-->\n\t\t<h2>\n\t\t\tPublikationen\n\t\t<\/h2>\n\t<meta itemscope itemprop=\"mainEntityOfPage\" itemtype=\"https:\/\/schema.org\/WebPage\" itemid=\"https:\/\/csvd.ch\/de\/unterstutzungsangebote-und-schutzmassnahmen-fur-kinder-die-gewalt-in-der-elterlichen-paarbeziehung-ausgesetzt-sind-kurzversion-des-berichts\/\" content=\"Unterst\u00fctzungsangebote und Schutzmassnahmen f\u00fcr Kinder, die Gewalt in der elterlichen Paarbeziehung ausgesetzt sind &#8211; Kurzversion des Berichts\" \/><meta itemprop=\"datePublished\" content=\"2024-01-21\" \/><meta itemprop=\"dateModified\" content=\"2024-01-21\" \/><meta itemprop=\"name\" content=\"CSVD\"\/><meta itemprop=\"url\" content=\"https:\/\/csvd.ch\/app\/uploads\/2018\/06\/CSVD_logo.png\"\/><meta itemprop=\"url\" content=\"https:\/\/csvd.ch\/de\/author\/wmdevg15\/\" \/><meta itemprop=\"name\" content=\"WmDevg15\" \/><meta itemprop=\"url\" content=\"https:\/\/csvd.ch\/app\/uploads\/2022\/12\/thumbnail-article-csvd.jpg\" \/><meta itemprop=\"width\" content=\"800\" \/><meta itemprop=\"height\" content=\"600\" \/><meta itemprop=\"interactionType\" content=\"https:\/\/schema.org\/CommentAction\" \/><meta itemprop=\"userInteractionCount\" content=\"0\" \/>\n\t<img loading=\"lazy\" decoding=\"async\" width=\"800\" height=\"600\" src=\"https:\/\/csvd.ch\/app\/uploads\/2022\/12\/thumbnail-article-csvd.jpg\" alt=\"\" itemprop=\"image\" srcset=\"https:\/\/csvd.ch\/app\/uploads\/2022\/12\/thumbnail-article-csvd.jpg 800w, https:\/\/csvd.ch\/app\/uploads\/2022\/12\/thumbnail-article-csvd-300x225.jpg 300w, https:\/\/csvd.ch\/app\/uploads\/2022\/12\/thumbnail-article-csvd-768x576.jpg 768w\" sizes=\"auto, (max-width: 800px) 100vw, 800px\" \/>\n<h3>\n    <a href=\"https:\/\/csvd.ch\/app\/uploads\/2024\/01\/NAP-30-Kurzversion.pdf\">\n        <br \/>\n        Unterst\u00fctzungsangebote und Schutzmassnahmen f\u00fcr Kinder, die Gewalt in der elterlichen Paarbeziehung ausgesetzt sind &#8211; Kurzversion des Berichts  \n    <\/a>\n<\/h3>\n<!--\n         21 January 2024 \n-->\n\t<meta itemscope itemprop=\"mainEntityOfPage\" itemtype=\"https:\/\/schema.org\/WebPage\" itemid=\"https:\/\/csvd.ch\/de\/leitfaden-kontakt-nach-hauslicher-gewalt-2\/\" content=\"Leitfaden-Kontakt nach h\u00e4uslicher Gewalt\" \/><meta itemprop=\"datePublished\" content=\"2021-10-29\" \/><meta itemprop=\"dateModified\" content=\"2023-05-23\" \/><meta itemprop=\"name\" content=\"CSVD\"\/><meta itemprop=\"url\" content=\"https:\/\/csvd.ch\/app\/uploads\/2018\/06\/CSVD_logo.png\"\/><meta itemprop=\"url\" content=\"https:\/\/csvd.ch\/de\/author\/csvd\/\" \/><meta itemprop=\"name\" content=\"Karin Lestuzzi\" \/><meta itemprop=\"url\" content=\"https:\/\/csvd.ch\/app\/uploads\/2022\/12\/thumbnail-article-csvd.jpg\" \/><meta itemprop=\"width\" content=\"800\" \/><meta itemprop=\"height\" content=\"600\" \/><meta itemprop=\"interactionType\" content=\"https:\/\/schema.org\/CommentAction\" \/><meta itemprop=\"userInteractionCount\" content=\"0\" \/>\n\t<img loading=\"lazy\" decoding=\"async\" width=\"800\" height=\"600\" src=\"https:\/\/csvd.ch\/app\/uploads\/2022\/12\/thumbnail-article-csvd.jpg\" alt=\"\" itemprop=\"image\" srcset=\"https:\/\/csvd.ch\/app\/uploads\/2022\/12\/thumbnail-article-csvd.jpg 800w, https:\/\/csvd.ch\/app\/uploads\/2022\/12\/thumbnail-article-csvd-300x225.jpg 300w, https:\/\/csvd.ch\/app\/uploads\/2022\/12\/thumbnail-article-csvd-768x576.jpg 768w\" sizes=\"auto, (max-width: 800px) 100vw, 800px\" \/>\n<h3>\n    <br \/><a href='https:\/\/csvd.ch\/de\/leitfaden-kontakt-nach-hauslicher-gewalt-2\/' title='Leitfaden-Kontakt nach h\u00e4uslicher Gewalt'>Leitfaden-Kontakt nach h\u00e4uslicher Gewalt<\/a>\n<\/h3>\n<!--\n         29 October 2021 \n-->\n\t<meta itemscope itemprop=\"mainEntityOfPage\" itemtype=\"https:\/\/schema.org\/WebPage\" itemid=\"https:\/\/csvd.ch\/de\/jahresbericht-2020\/\" content=\"Jahresbericht 2022\" \/><meta itemprop=\"datePublished\" content=\"2021-05-27\" \/><meta itemprop=\"dateModified\" content=\"2023-07-18\" \/><meta itemprop=\"name\" content=\"CSVD\"\/><meta itemprop=\"url\" content=\"https:\/\/csvd.ch\/app\/uploads\/2018\/06\/CSVD_logo.png\"\/><meta itemprop=\"url\" content=\"https:\/\/csvd.ch\/de\/author\/csvd\/\" \/><meta itemprop=\"name\" content=\"Karin Lestuzzi\" \/><meta itemprop=\"url\" content=\"https:\/\/csvd.ch\/app\/uploads\/2022\/12\/thumbnail-article-csvd.jpg\" \/><meta itemprop=\"width\" content=\"800\" \/><meta itemprop=\"height\" content=\"600\" \/><meta itemprop=\"interactionType\" content=\"https:\/\/schema.org\/CommentAction\" \/><meta itemprop=\"userInteractionCount\" content=\"0\" \/>\n\t<img loading=\"lazy\" decoding=\"async\" width=\"800\" height=\"600\" src=\"https:\/\/csvd.ch\/app\/uploads\/2022\/12\/thumbnail-article-csvd.jpg\" alt=\"\" itemprop=\"image\" srcset=\"https:\/\/csvd.ch\/app\/uploads\/2022\/12\/thumbnail-article-csvd.jpg 800w, https:\/\/csvd.ch\/app\/uploads\/2022\/12\/thumbnail-article-csvd-300x225.jpg 300w, https:\/\/csvd.ch\/app\/uploads\/2022\/12\/thumbnail-article-csvd-768x576.jpg 768w\" sizes=\"auto, (max-width: 800px) 100vw, 800px\" \/>\n<h3>\n    <br \/><a href='https:\/\/csvd.ch\/de\/jahresbericht-2020\/' title='Jahresbericht 2022'>Jahresbericht 2022<\/a>\n<\/h3>\n<!--\n         27 May 2021 \n-->\n\t<meta itemscope itemprop=\"mainEntityOfPage\" itemtype=\"https:\/\/schema.org\/WebPage\" itemid=\"https:\/\/csvd.ch\/de\/ubersicht-aktions-und-massnahmenplane\/\" content=\"\u00dcbersicht Aktions- und Massnahmenpl\u00e4ne\" \/><meta itemprop=\"datePublished\" content=\"2020-12-10\" \/><meta itemprop=\"dateModified\" content=\"2023-05-23\" \/><meta itemprop=\"name\" content=\"CSVD\"\/><meta itemprop=\"url\" content=\"https:\/\/csvd.ch\/app\/uploads\/2018\/06\/CSVD_logo.png\"\/><meta itemprop=\"url\" content=\"https:\/\/csvd.ch\/de\/author\/csvd\/\" \/><meta itemprop=\"name\" content=\"Karin Lestuzzi\" \/><meta itemprop=\"url\" content=\"https:\/\/csvd.ch\/app\/uploads\/2022\/12\/thumbnail-article-csvd.jpg\" \/><meta itemprop=\"width\" content=\"800\" \/><meta itemprop=\"height\" content=\"600\" \/><meta itemprop=\"interactionType\" content=\"https:\/\/schema.org\/CommentAction\" \/><meta itemprop=\"userInteractionCount\" content=\"0\" \/>\n\t<img loading=\"lazy\" decoding=\"async\" width=\"800\" height=\"600\" src=\"https:\/\/csvd.ch\/app\/uploads\/2022\/12\/thumbnail-article-csvd.jpg\" alt=\"\" itemprop=\"image\" srcset=\"https:\/\/csvd.ch\/app\/uploads\/2022\/12\/thumbnail-article-csvd.jpg 800w, https:\/\/csvd.ch\/app\/uploads\/2022\/12\/thumbnail-article-csvd-300x225.jpg 300w, https:\/\/csvd.ch\/app\/uploads\/2022\/12\/thumbnail-article-csvd-768x576.jpg 768w\" sizes=\"auto, (max-width: 800px) 100vw, 800px\" \/>\n<h3>\n    <br \/><a href='https:\/\/csvd.ch\/de\/ubersicht-aktions-und-massnahmenplane\/' title='\u00dcbersicht Aktions- und Massnahmenpl\u00e4ne'>\u00dcbersicht Aktions- und Massnahmenpl\u00e4ne<\/a>\n<\/h3>\n<!--\n         10 December 2020 \n-->\n\t<meta itemscope itemprop=\"mainEntityOfPage\" itemtype=\"https:\/\/schema.org\/WebPage\" itemid=\"https:\/\/csvd.ch\/de\/bestandsaufnahme-zur-istanbul-konvention-september-2018\/\" content=\"Bestandsaufnahme zur Istanbul-Konvention, September 2018\" \/><meta itemprop=\"datePublished\" content=\"2018-11-12\" \/><meta itemprop=\"dateModified\" content=\"2018-11-12\" \/><meta itemprop=\"name\" content=\"CSVD\"\/><meta itemprop=\"url\" content=\"https:\/\/csvd.ch\/app\/uploads\/2018\/06\/CSVD_logo.png\"\/><meta itemprop=\"url\" content=\"https:\/\/csvd.ch\/de\/author\/wmdevg15\/\" \/><meta itemprop=\"name\" content=\"WmDevg15\" \/><meta itemprop=\"url\" content=\"https:\/\/csvd.ch\/app\/uploads\/2022\/12\/thumbnail-article-csvd.jpg\" \/><meta itemprop=\"width\" content=\"800\" \/><meta itemprop=\"height\" content=\"600\" \/><meta itemprop=\"interactionType\" content=\"https:\/\/schema.org\/CommentAction\" \/><meta itemprop=\"userInteractionCount\" content=\"0\" \/>\n\t<img loading=\"lazy\" decoding=\"async\" width=\"800\" height=\"600\" src=\"https:\/\/csvd.ch\/app\/uploads\/2022\/12\/thumbnail-article-csvd.jpg\" alt=\"\" itemprop=\"image\" srcset=\"https:\/\/csvd.ch\/app\/uploads\/2022\/12\/thumbnail-article-csvd.jpg 800w, https:\/\/csvd.ch\/app\/uploads\/2022\/12\/thumbnail-article-csvd-300x225.jpg 300w, https:\/\/csvd.ch\/app\/uploads\/2022\/12\/thumbnail-article-csvd-768x576.jpg 768w\" sizes=\"auto, (max-width: 800px) 100vw, 800px\" \/>\n<h3>\n    <br \/><a href='https:\/\/csvd.ch\/de\/bestandsaufnahme-zur-istanbul-konvention-september-2018\/' title='Bestandsaufnahme zur Istanbul-Konvention, September 2018'>Bestandsaufnahme zur Istanbul-Konvention, September 2018<\/a>\n<\/h3>\n<!--\n         12 November 2018 \n-->\n\t<meta itemscope itemprop=\"mainEntityOfPage\" itemtype=\"https:\/\/schema.org\/WebPage\" itemid=\"https:\/\/csvd.ch\/de\/haeusliche-gewalt-2-2016\/\" content=\"SKP INFO &#8211; Gewalt in Partnerschaft und Familie - eine gesellschaftliche Herausforderung &#8211; 02.2016\" \/><meta itemprop=\"datePublished\" content=\"2018-09-03\" \/><meta itemprop=\"dateModified\" content=\"2018-10-16\" \/><meta itemprop=\"name\" content=\"CSVD\"\/><meta itemprop=\"url\" content=\"https:\/\/csvd.ch\/app\/uploads\/2018\/06\/CSVD_logo.png\"\/><meta itemprop=\"url\" content=\"https:\/\/csvd.ch\/de\/author\/wmdevg15\/\" \/><meta itemprop=\"name\" content=\"WmDevg15\" \/><meta itemprop=\"url\" content=\"https:\/\/csvd.ch\/app\/uploads\/2022\/12\/thumbnail-article-csvd.jpg\" \/><meta itemprop=\"width\" content=\"800\" \/><meta itemprop=\"height\" content=\"600\" \/><meta itemprop=\"interactionType\" content=\"https:\/\/schema.org\/CommentAction\" \/><meta itemprop=\"userInteractionCount\" content=\"0\" \/>\n\t<img loading=\"lazy\" decoding=\"async\" width=\"800\" height=\"600\" src=\"https:\/\/csvd.ch\/app\/uploads\/2022\/12\/thumbnail-article-csvd.jpg\" alt=\"\" itemprop=\"image\" srcset=\"https:\/\/csvd.ch\/app\/uploads\/2022\/12\/thumbnail-article-csvd.jpg 800w, https:\/\/csvd.ch\/app\/uploads\/2022\/12\/thumbnail-article-csvd-300x225.jpg 300w, https:\/\/csvd.ch\/app\/uploads\/2022\/12\/thumbnail-article-csvd-768x576.jpg 768w\" sizes=\"auto, (max-width: 800px) 100vw, 800px\" \/>\n<h3>\n    <a href=\"https:\/\/csvd.ch\/app\/uploads\/2018\/09\/skpinfo_2_16_dt_web.pdf\">\n        <br \/>\n        SKP INFO &#8211; Gewalt in Partnerschaft und Familie &#8211; eine gesellschaftliche Herausforderung &#8211; 02.2016  \n    <\/a>\n<\/h3>\n<!--\n         3 September 2018 \n-->\n\n","protected":false},"excerpt":{"rendered":"<p>La l\u00e9gislation Internationale Die SKHG gibt regelm\u00e4ssig fachliche Empfehlungen zur Verbesserung der Bek\u00e4mpfung h\u00e4uslicher Gewalt in der Schweiz ab, vertritt die Interessen der Kantone in nationalen Arbeitsgruppen, nimmt an Vernehmlassungsverfahren des Bundes teil, erteilt Medienausk\u00fcnfte und beobachtet gesellschaftliche Entwicklungen. Positionen Stellungnahme zum Vorentwurf &#8220;Bei h\u00e4uslicher Gewalt die H\u00e4rtefallpraxis nach Artikel 50 AIG garantieren&#8221; 01.02.2023 Genehmigung&hellip;<\/p>\n","protected":false},"author":2,"featured_media":1200,"parent":0,"menu_order":0,"comment_status":"closed","ping_status":"closed","template":"","meta":{"_acf_changed":false,"footnotes":""},"class_list":["post-201","page","type-page","status-publish","has-post-thumbnail","hentry"],"acf":[],"yoast_head":"<!-- This site is optimized with the Yoast SEO plugin v27.2 - https:\/\/yoast.com\/product\/yoast-seo-wordpress\/ -->\n<title>Positionen, Presse, Publikationen - CSVD<\/title>\n<meta name=\"robots\" content=\"index, follow, max-snippet:-1, max-image-preview:large, max-video-preview:-1\" \/>\n<link rel=\"canonical\" href=\"https:\/\/csvd.ch\/positions-presse-publications\/\" \/>\n<meta property=\"og:locale\" content=\"de_DE\" \/>\n<meta property=\"og:type\" content=\"article\" \/>\n<meta property=\"og:title\" content=\"Positionen, Presse, Publikationen - CSVD\" \/>\n<meta property=\"og:description\" content=\"La l\u00e9gislation Internationale Die SKHG gibt regelm\u00e4ssig fachliche Empfehlungen zur Verbesserung der Bek\u00e4mpfung h\u00e4uslicher Gewalt in der Schweiz ab, vertritt die Interessen der Kantone in nationalen Arbeitsgruppen, nimmt an Vernehmlassungsverfahren des Bundes teil, erteilt Medienausk\u00fcnfte und beobachtet gesellschaftliche Entwicklungen. Positionen Stellungnahme zum Vorentwurf &#8220;Bei h\u00e4uslicher Gewalt die H\u00e4rtefallpraxis nach Artikel 50 AIG garantieren&#8221; 01.02.2023 Genehmigung&hellip;\" \/>\n<meta property=\"og:url\" content=\"https:\/\/csvd.ch\/positions-presse-publications\/\" \/>\n<meta property=\"og:site_name\" content=\"CSVD\" \/>\n<meta property=\"article:modified_time\" content=\"2024-01-21T13:16:09+00:00\" \/>\n<meta property=\"og:image\" content=\"https:\/\/csvd.ch\/app\/uploads\/2022\/12\/thumbnail-article-csvd.jpg\" \/>\n\t<meta property=\"og:image:width\" content=\"800\" \/>\n\t<meta property=\"og:image:height\" content=\"600\" \/>\n\t<meta property=\"og:image:type\" content=\"image\/jpeg\" \/>\n<meta name=\"twitter:card\" content=\"summary_large_image\" \/>\n<meta name=\"twitter:label1\" content=\"Est. reading time\" \/>\n\t<meta name=\"twitter:data1\" content=\"1 minute\" \/>\n<script type=\"application\/ld+json\" class=\"yoast-schema-graph\">{\"@context\":\"https:\/\/schema.org\",\"@graph\":[{\"@type\":\"WebPage\",\"@id\":\"https:\/\/csvd.ch\/positions-presse-publications\/\",\"url\":\"https:\/\/csvd.ch\/positions-presse-publications\/\",\"name\":\"Positionen, Presse, Publikationen - CSVD\",\"isPartOf\":{\"@id\":\"https:\/\/csvd.ch\/#website\"},\"primaryImageOfPage\":{\"@id\":\"https:\/\/csvd.ch\/positions-presse-publications\/#primaryimage\"},\"image\":{\"@id\":\"https:\/\/csvd.ch\/positions-presse-publications\/#primaryimage\"},\"thumbnailUrl\":\"https:\/\/csvd.ch\/app\/uploads\/2022\/12\/thumbnail-article-csvd.jpg\",\"datePublished\":\"2018-06-04T14:52:20+00:00\",\"dateModified\":\"2024-01-21T13:16:09+00:00\",\"breadcrumb\":{\"@id\":\"https:\/\/csvd.ch\/positions-presse-publications\/#breadcrumb\"},\"inLanguage\":\"de-DE\",\"potentialAction\":[{\"@type\":\"ReadAction\",\"target\":[\"https:\/\/csvd.ch\/positions-presse-publications\/\"]}]},{\"@type\":\"ImageObject\",\"inLanguage\":\"de-DE\",\"@id\":\"https:\/\/csvd.ch\/positions-presse-publications\/#primaryimage\",\"url\":\"https:\/\/csvd.ch\/app\/uploads\/2022\/12\/thumbnail-article-csvd.jpg\",\"contentUrl\":\"https:\/\/csvd.ch\/app\/uploads\/2022\/12\/thumbnail-article-csvd.jpg\",\"width\":800,\"height\":600},{\"@type\":\"BreadcrumbList\",\"@id\":\"https:\/\/csvd.ch\/positions-presse-publications\/#breadcrumb\",\"itemListElement\":[{\"@type\":\"ListItem\",\"position\":1,\"name\":\"Home\",\"item\":\"https:\/\/csvd.ch\/de\/\"},{\"@type\":\"ListItem\",\"position\":2,\"name\":\"Positionen, Presse, Publikationen\"}]},{\"@type\":\"WebSite\",\"@id\":\"https:\/\/csvd.ch\/#website\",\"url\":\"https:\/\/csvd.ch\/\",\"name\":\"CSVD\",\"description\":\"CSVD\",\"potentialAction\":[{\"@type\":\"SearchAction\",\"target\":{\"@type\":\"EntryPoint\",\"urlTemplate\":\"https:\/\/csvd.ch\/?s={search_term_string}\"},\"query-input\":{\"@type\":\"PropertyValueSpecification\",\"valueRequired\":true,\"valueName\":\"search_term_string\"}}],\"inLanguage\":\"de-DE\"}]}<\/script>\n<!-- \/ Yoast SEO plugin. -->","yoast_head_json":{"title":"Positionen, Presse, Publikationen - CSVD","robots":{"index":"index","follow":"follow","max-snippet":"max-snippet:-1","max-image-preview":"max-image-preview:large","max-video-preview":"max-video-preview:-1"},"canonical":"https:\/\/csvd.ch\/positions-presse-publications\/","og_locale":"de_DE","og_type":"article","og_title":"Positionen, Presse, Publikationen - CSVD","og_description":"La l\u00e9gislation Internationale Die SKHG gibt regelm\u00e4ssig fachliche Empfehlungen zur Verbesserung der Bek\u00e4mpfung h\u00e4uslicher Gewalt in der Schweiz ab, vertritt die Interessen der Kantone in nationalen Arbeitsgruppen, nimmt an Vernehmlassungsverfahren des Bundes teil, erteilt Medienausk\u00fcnfte und beobachtet gesellschaftliche Entwicklungen. Positionen Stellungnahme zum Vorentwurf &#8220;Bei h\u00e4uslicher Gewalt die H\u00e4rtefallpraxis nach Artikel 50 AIG garantieren&#8221; 01.02.2023 Genehmigung&hellip;","og_url":"https:\/\/csvd.ch\/positions-presse-publications\/","og_site_name":"CSVD","article_modified_time":"2024-01-21T13:16:09+00:00","og_image":[{"width":800,"height":600,"url":"https:\/\/csvd.ch\/app\/uploads\/2022\/12\/thumbnail-article-csvd.jpg","type":"image\/jpeg"}],"twitter_card":"summary_large_image","twitter_misc":{"Est. reading time":"1 minute"},"schema":{"@context":"https:\/\/schema.org","@graph":[{"@type":"WebPage","@id":"https:\/\/csvd.ch\/positions-presse-publications\/","url":"https:\/\/csvd.ch\/positions-presse-publications\/","name":"Positionen, Presse, Publikationen - CSVD","isPartOf":{"@id":"https:\/\/csvd.ch\/#website"},"primaryImageOfPage":{"@id":"https:\/\/csvd.ch\/positions-presse-publications\/#primaryimage"},"image":{"@id":"https:\/\/csvd.ch\/positions-presse-publications\/#primaryimage"},"thumbnailUrl":"https:\/\/csvd.ch\/app\/uploads\/2022\/12\/thumbnail-article-csvd.jpg","datePublished":"2018-06-04T14:52:20+00:00","dateModified":"2024-01-21T13:16:09+00:00","breadcrumb":{"@id":"https:\/\/csvd.ch\/positions-presse-publications\/#breadcrumb"},"inLanguage":"de-DE","potentialAction":[{"@type":"ReadAction","target":["https:\/\/csvd.ch\/positions-presse-publications\/"]}]},{"@type":"ImageObject","inLanguage":"de-DE","@id":"https:\/\/csvd.ch\/positions-presse-publications\/#primaryimage","url":"https:\/\/csvd.ch\/app\/uploads\/2022\/12\/thumbnail-article-csvd.jpg","contentUrl":"https:\/\/csvd.ch\/app\/uploads\/2022\/12\/thumbnail-article-csvd.jpg","width":800,"height":600},{"@type":"BreadcrumbList","@id":"https:\/\/csvd.ch\/positions-presse-publications\/#breadcrumb","itemListElement":[{"@type":"ListItem","position":1,"name":"Home","item":"https:\/\/csvd.ch\/de\/"},{"@type":"ListItem","position":2,"name":"Positionen, Presse, Publikationen"}]},{"@type":"WebSite","@id":"https:\/\/csvd.ch\/#website","url":"https:\/\/csvd.ch\/","name":"CSVD","description":"CSVD","potentialAction":[{"@type":"SearchAction","target":{"@type":"EntryPoint","urlTemplate":"https:\/\/csvd.ch\/?s={search_term_string}"},"query-input":{"@type":"PropertyValueSpecification","valueRequired":true,"valueName":"search_term_string"}}],"inLanguage":"de-DE"}]}},"_links":{"self":[{"href":"https:\/\/csvd.ch\/de\/wp-json\/wp\/v2\/pages\/201","targetHints":{"allow":["GET"]}}],"collection":[{"href":"https:\/\/csvd.ch\/de\/wp-json\/wp\/v2\/pages"}],"about":[{"href":"https:\/\/csvd.ch\/de\/wp-json\/wp\/v2\/types\/page"}],"author":[{"embeddable":true,"href":"https:\/\/csvd.ch\/de\/wp-json\/wp\/v2\/users\/2"}],"replies":[{"embeddable":true,"href":"https:\/\/csvd.ch\/de\/wp-json\/wp\/v2\/comments?post=201"}],"version-history":[{"count":18,"href":"https:\/\/csvd.ch\/de\/wp-json\/wp\/v2\/pages\/201\/revisions"}],"predecessor-version":[{"id":1458,"href":"https:\/\/csvd.ch\/de\/wp-json\/wp\/v2\/pages\/201\/revisions\/1458"}],"wp:featuredmedia":[{"embeddable":true,"href":"https:\/\/csvd.ch\/de\/wp-json\/wp\/v2\/media\/1200"}],"wp:attachment":[{"href":"https:\/\/csvd.ch\/de\/wp-json\/wp\/v2\/media?parent=201"}],"curies":[{"name":"wp","href":"https:\/\/api.w.org\/{rel}","templated":true}]}}