{"id":193,"date":"2018-06-04T16:52:40","date_gmt":"2018-06-04T14:52:40","guid":{"rendered":"https:\/\/csvd.ch\/?page_id=193"},"modified":"2019-01-30T09:36:18","modified_gmt":"2019-01-30T08:36:18","slug":"projekte-und-links","status":"publish","type":"page","link":"https:\/\/csvd.ch\/de\/projekte-und-links\/","title":{"rendered":"Projekte und Links"},"content":{"rendered":"<h1>\n\t\tProjekte<br \/>\n\t<\/h1>\n<h3><\/h3>\n<p>Die SKHG oder ihre beiden Regionalkonferenzen k\u00f6nnen grunds\u00e4tzlich gemeinsame Projekte realisieren. Solche interkantonalen Projekte kommen jedoch selten zustande, da die Schwerpunkte in den Kantonen bei der Bek\u00e4mpfung h\u00e4uslicher Gewalt stark variieren. <\/p>\n<h1>\n\t\tLinks<br \/>\n\t<\/h1>\n<h3><\/h3>\n<p>Weitere Informationen zur Bek\u00e4mpfung h\u00e4uslicher Gewalt in der Schweiz sind auf den Internetseiten folgender Organisationen, Konferenzen, Vereinigungen und Bundes\u00e4mter zu finden:<\/p>\n<h4><\/h4>\n<p>Bundesamt f\u00fcr Justiz BJ<\/p>\n<p>                <a href=\"https:\/\/www.bj.admin.ch\/bj\/de\/home.html\" target=\"_blank\" rel=\"nofollow\">Link zur Website<\/a><\/p>\n<h4><\/h4>\n<p>Dachorganisation der Frauenh\u00e4user der Schweiz und Liechtenstein<\/p>\n<p>                <a href=\"https:\/\/frauenhaus-schweiz.ch\/de\/dao\" target=\"_blank\" rel=\"nofollow\">Link zur Website<\/a><\/p>\n<h4><\/h4>\n<p>Eidg. B\u00fcro f\u00fcr die Gleichstellung von Frau und Mann EBG<\/p>\n<p>                <a href=\"https:\/\/www.ebg.admin.ch\/ebg\/de\/home.html\" target=\"_blank\" rel=\"nofollow\">Link zur Website<\/a><\/p>\n<h4><\/h4>\n<p>Fachverband Gewaltberatung Schweiz FVGS<\/p>\n<p>                <a href=\"http:\/\/www.fvgs.ch\/home.html\" target=\"_blank\" rel=\"nofollow\">Link zur Website<\/a><\/p>\n<h4><\/h4>\n<p>Schweiz. Konferenz der Gleichstellungsbeauftragten SKG<\/p>\n<p>                <a href=\"https:\/\/www.equality.ch\/d\/home.htm\" target=\"_blank\" rel=\"nofollow\">Link zur Website<\/a><\/p>\n<h4><\/h4>\n<p>Schweiz. Kriminalpr\u00e4vention SKP<\/p>\n<p>                <a href=\"https:\/\/www.skppsc.ch\/de\" target=\"_blank\" rel=\"nofollow\">Link zur Website<\/a><\/p>\n<h4><\/h4>\n<p>Konferenz der Sozialdirektorinnen und Sozialdirektoren SODK\u00a0<\/p>\n<p>                <a href=\"http:\/\/www.sodk.ch\/ueber-die-sodk\" target=\"_blank\" rel=\"nofollow\">Link zur Website<\/a><\/p>\n<h4><\/h4>\n<p>Konferenz der kantonalen Justiz und Polizeidirektorinnen und direktoren KKJPD<\/p>\n<p>                <a href=\"https:\/\/www.kkjpd.ch\/home.html\" target=\"_blank\" rel=\"nofollow\">Link zur Website<\/a><\/p>\n","protected":false},"excerpt":{"rendered":"<p>Projekte Die SKHG oder ihre beiden Regionalkonferenzen k\u00f6nnen grunds\u00e4tzlich gemeinsame Projekte realisieren. Solche interkantonalen Projekte kommen jedoch selten zustande, da die Schwerpunkte in den Kantonen bei der Bek\u00e4mpfung h\u00e4uslicher Gewalt stark variieren. Links Weitere Informationen zur Bek\u00e4mpfung h\u00e4uslicher Gewalt in der Schweiz sind auf den Internetseiten folgender Organisationen, Konferenzen, Vereinigungen und Bundes\u00e4mter zu finden: Bundesamt&hellip;<\/p>\n","protected":false},"author":2,"featured_media":1200,"parent":0,"menu_order":0,"comment_status":"closed","ping_status":"closed","template":"","meta":{"_acf_changed":false,"footnotes":""},"class_list":["post-193","page","type-page","status-publish","has-post-thumbnail","hentry"],"acf":[],"yoast_head":"<!-- This site is optimized with the Yoast SEO plugin v27.2 - https:\/\/yoast.com\/product\/yoast-seo-wordpress\/ -->\n<title>Projekte und Links - CSVD<\/title>\n<meta name=\"robots\" content=\"index, follow, max-snippet:-1, max-image-preview:large, max-video-preview:-1\" \/>\n<link rel=\"canonical\" href=\"https:\/\/csvd.ch\/projets-et-liens\/\" \/>\n<meta property=\"og:locale\" content=\"de_DE\" \/>\n<meta property=\"og:type\" content=\"article\" \/>\n<meta property=\"og:title\" content=\"Projekte und Links - CSVD\" \/>\n<meta property=\"og:description\" content=\"Projekte Die SKHG oder ihre beiden Regionalkonferenzen k\u00f6nnen grunds\u00e4tzlich gemeinsame Projekte realisieren. Solche interkantonalen Projekte kommen jedoch selten zustande, da die Schwerpunkte in den Kantonen bei der Bek\u00e4mpfung h\u00e4uslicher Gewalt stark variieren. Links Weitere Informationen zur Bek\u00e4mpfung h\u00e4uslicher Gewalt in der Schweiz sind auf den Internetseiten folgender Organisationen, Konferenzen, Vereinigungen und Bundes\u00e4mter zu finden: Bundesamt&hellip;\" \/>\n<meta property=\"og:url\" content=\"https:\/\/csvd.ch\/projets-et-liens\/\" \/>\n<meta property=\"og:site_name\" content=\"CSVD\" \/>\n<meta property=\"article:modified_time\" content=\"2019-01-30T08:36:18+00:00\" \/>\n<meta property=\"og:image\" content=\"https:\/\/csvd.ch\/app\/uploads\/2022\/12\/thumbnail-article-csvd.jpg\" \/>\n\t<meta property=\"og:image:width\" content=\"800\" \/>\n\t<meta property=\"og:image:height\" content=\"600\" \/>\n\t<meta property=\"og:image:type\" content=\"image\/jpeg\" \/>\n<meta name=\"twitter:card\" content=\"summary_large_image\" \/>\n<meta name=\"twitter:label1\" content=\"Est. reading time\" \/>\n\t<meta name=\"twitter:data1\" content=\"1 minute\" \/>\n<script type=\"application\/ld+json\" class=\"yoast-schema-graph\">{\"@context\":\"https:\/\/schema.org\",\"@graph\":[{\"@type\":\"WebPage\",\"@id\":\"https:\/\/csvd.ch\/projets-et-liens\/\",\"url\":\"https:\/\/csvd.ch\/projets-et-liens\/\",\"name\":\"Projekte und Links - CSVD\",\"isPartOf\":{\"@id\":\"https:\/\/csvd.ch\/#website\"},\"primaryImageOfPage\":{\"@id\":\"https:\/\/csvd.ch\/projets-et-liens\/#primaryimage\"},\"image\":{\"@id\":\"https:\/\/csvd.ch\/projets-et-liens\/#primaryimage\"},\"thumbnailUrl\":\"https:\/\/csvd.ch\/app\/uploads\/2022\/12\/thumbnail-article-csvd.jpg\",\"datePublished\":\"2018-06-04T14:52:40+00:00\",\"dateModified\":\"2019-01-30T08:36:18+00:00\",\"breadcrumb\":{\"@id\":\"https:\/\/csvd.ch\/projets-et-liens\/#breadcrumb\"},\"inLanguage\":\"de-DE\",\"potentialAction\":[{\"@type\":\"ReadAction\",\"target\":[\"https:\/\/csvd.ch\/projets-et-liens\/\"]}]},{\"@type\":\"ImageObject\",\"inLanguage\":\"de-DE\",\"@id\":\"https:\/\/csvd.ch\/projets-et-liens\/#primaryimage\",\"url\":\"https:\/\/csvd.ch\/app\/uploads\/2022\/12\/thumbnail-article-csvd.jpg\",\"contentUrl\":\"https:\/\/csvd.ch\/app\/uploads\/2022\/12\/thumbnail-article-csvd.jpg\",\"width\":800,\"height\":600},{\"@type\":\"BreadcrumbList\",\"@id\":\"https:\/\/csvd.ch\/projets-et-liens\/#breadcrumb\",\"itemListElement\":[{\"@type\":\"ListItem\",\"position\":1,\"name\":\"Home\",\"item\":\"https:\/\/csvd.ch\/de\/\"},{\"@type\":\"ListItem\",\"position\":2,\"name\":\"Projekte und Links\"}]},{\"@type\":\"WebSite\",\"@id\":\"https:\/\/csvd.ch\/#website\",\"url\":\"https:\/\/csvd.ch\/\",\"name\":\"CSVD\",\"description\":\"CSVD\",\"potentialAction\":[{\"@type\":\"SearchAction\",\"target\":{\"@type\":\"EntryPoint\",\"urlTemplate\":\"https:\/\/csvd.ch\/?s={search_term_string}\"},\"query-input\":{\"@type\":\"PropertyValueSpecification\",\"valueRequired\":true,\"valueName\":\"search_term_string\"}}],\"inLanguage\":\"de-DE\"}]}<\/script>\n<!-- \/ Yoast SEO plugin. -->","yoast_head_json":{"title":"Projekte und Links - CSVD","robots":{"index":"index","follow":"follow","max-snippet":"max-snippet:-1","max-image-preview":"max-image-preview:large","max-video-preview":"max-video-preview:-1"},"canonical":"https:\/\/csvd.ch\/projets-et-liens\/","og_locale":"de_DE","og_type":"article","og_title":"Projekte und Links - CSVD","og_description":"Projekte Die SKHG oder ihre beiden Regionalkonferenzen k\u00f6nnen grunds\u00e4tzlich gemeinsame Projekte realisieren. Solche interkantonalen Projekte kommen jedoch selten zustande, da die Schwerpunkte in den Kantonen bei der Bek\u00e4mpfung h\u00e4uslicher Gewalt stark variieren. Links Weitere Informationen zur Bek\u00e4mpfung h\u00e4uslicher Gewalt in der Schweiz sind auf den Internetseiten folgender Organisationen, Konferenzen, Vereinigungen und Bundes\u00e4mter zu finden: Bundesamt&hellip;","og_url":"https:\/\/csvd.ch\/projets-et-liens\/","og_site_name":"CSVD","article_modified_time":"2019-01-30T08:36:18+00:00","og_image":[{"width":800,"height":600,"url":"https:\/\/csvd.ch\/app\/uploads\/2022\/12\/thumbnail-article-csvd.jpg","type":"image\/jpeg"}],"twitter_card":"summary_large_image","twitter_misc":{"Est. reading time":"1 minute"},"schema":{"@context":"https:\/\/schema.org","@graph":[{"@type":"WebPage","@id":"https:\/\/csvd.ch\/projets-et-liens\/","url":"https:\/\/csvd.ch\/projets-et-liens\/","name":"Projekte und Links - CSVD","isPartOf":{"@id":"https:\/\/csvd.ch\/#website"},"primaryImageOfPage":{"@id":"https:\/\/csvd.ch\/projets-et-liens\/#primaryimage"},"image":{"@id":"https:\/\/csvd.ch\/projets-et-liens\/#primaryimage"},"thumbnailUrl":"https:\/\/csvd.ch\/app\/uploads\/2022\/12\/thumbnail-article-csvd.jpg","datePublished":"2018-06-04T14:52:40+00:00","dateModified":"2019-01-30T08:36:18+00:00","breadcrumb":{"@id":"https:\/\/csvd.ch\/projets-et-liens\/#breadcrumb"},"inLanguage":"de-DE","potentialAction":[{"@type":"ReadAction","target":["https:\/\/csvd.ch\/projets-et-liens\/"]}]},{"@type":"ImageObject","inLanguage":"de-DE","@id":"https:\/\/csvd.ch\/projets-et-liens\/#primaryimage","url":"https:\/\/csvd.ch\/app\/uploads\/2022\/12\/thumbnail-article-csvd.jpg","contentUrl":"https:\/\/csvd.ch\/app\/uploads\/2022\/12\/thumbnail-article-csvd.jpg","width":800,"height":600},{"@type":"BreadcrumbList","@id":"https:\/\/csvd.ch\/projets-et-liens\/#breadcrumb","itemListElement":[{"@type":"ListItem","position":1,"name":"Home","item":"https:\/\/csvd.ch\/de\/"},{"@type":"ListItem","position":2,"name":"Projekte und Links"}]},{"@type":"WebSite","@id":"https:\/\/csvd.ch\/#website","url":"https:\/\/csvd.ch\/","name":"CSVD","description":"CSVD","potentialAction":[{"@type":"SearchAction","target":{"@type":"EntryPoint","urlTemplate":"https:\/\/csvd.ch\/?s={search_term_string}"},"query-input":{"@type":"PropertyValueSpecification","valueRequired":true,"valueName":"search_term_string"}}],"inLanguage":"de-DE"}]}},"_links":{"self":[{"href":"https:\/\/csvd.ch\/de\/wp-json\/wp\/v2\/pages\/193","targetHints":{"allow":["GET"]}}],"collection":[{"href":"https:\/\/csvd.ch\/de\/wp-json\/wp\/v2\/pages"}],"about":[{"href":"https:\/\/csvd.ch\/de\/wp-json\/wp\/v2\/types\/page"}],"author":[{"embeddable":true,"href":"https:\/\/csvd.ch\/de\/wp-json\/wp\/v2\/users\/2"}],"replies":[{"embeddable":true,"href":"https:\/\/csvd.ch\/de\/wp-json\/wp\/v2\/comments?post=193"}],"version-history":[{"count":11,"href":"https:\/\/csvd.ch\/de\/wp-json\/wp\/v2\/pages\/193\/revisions"}],"predecessor-version":[{"id":883,"href":"https:\/\/csvd.ch\/de\/wp-json\/wp\/v2\/pages\/193\/revisions\/883"}],"wp:featuredmedia":[{"embeddable":true,"href":"https:\/\/csvd.ch\/de\/wp-json\/wp\/v2\/media\/1200"}],"wp:attachment":[{"href":"https:\/\/csvd.ch\/de\/wp-json\/wp\/v2\/media?parent=193"}],"curies":[{"name":"wp","href":"https:\/\/api.w.org\/{rel}","templated":true}]}}