{"id":180,"date":"2018-06-04T16:52:59","date_gmt":"2018-06-04T14:52:59","guid":{"rendered":"https:\/\/csvd.ch\/?page_id=180"},"modified":"2025-02-28T13:46:55","modified_gmt":"2025-02-28T12:46:55","slug":"kontakt","status":"publish","type":"page","link":"https:\/\/csvd.ch\/de\/kontakt\/","title":{"rendered":"Kontakt"},"content":{"rendered":"\n<h1>\n\t\tKontakt\n\t<\/h1>\n\t\t<h2>\n\t\t\tVorstand und Gesch\u00e4ftsleitung\n\t\t<\/h2>\n\t\t\t\t\n\t\t\t<p>Der Vorstand der SKHG und die Gesch\u00e4ftsleiterin leiten gemeinsam die laufenden Gesch\u00e4fte.<\/p>\n<h4>\n\t\tCO-PR\u00c4SIDENTINNEN\n\t<\/h4>\n\t\t\t\t\n\t\t\t<p><strong>Magdalena K\u00fcng<\/strong><\/p>\n<p>Koordinatorin H\u00e4usliche Gewalt<\/p>\n<p>Riedholzplatz 3<\/p>\n<p>4509 Solothurn<\/p>\n<p><a href=\"mailto:magdalena.kueng@ddi.so.ch\">magdalena.kueng@ddi.so.ch<\/a><\/p>\n<p>&nbsp;<\/p>\n<p><strong>Laurence Boegli<\/strong><\/p>\n<p>Cheffe d&#8217;office &#8211; D\u00e9l\u00e9gue\u00e9 \u00e0 l&#8217;\u00e9galit\u00e9<\/p>\n<p>Office de la politique familiale et de l&#8217;\u00e9galit\u00e9<\/p>\n<p>Rue de Tivoli 28<\/p>\n<p>Case postale 1<\/p>\n<p>2002 Neuch\u00e2tel<\/p>\n<p><a href=\"http:\/\/www.ne.ch\/opfe\">www.ne.ch\/opfe<\/a><\/p>\n<h4>\n\t\tGESCH\u00c4FTSLEITERIN\n\t<\/h4>\n\t\t\t\t\n\t\t\t<p><strong>Mireille Lambelet<\/strong><\/p>\n<p>079 357 97 36<\/p>\n<p><a href=\"mailto:mireille.lambelet@skhg.ch\">mireille.lambelet@skhg.ch<\/a><\/p>\n\t\t<h3>Kontaktformular<\/h3>\t\t\n                <a id='gf_2' class='gform_anchor' ><\/a><form method='post' enctype='multipart\/form-data' target='gform_ajax_frame_2' id='gform_2'  action='\/de\/?page_id=180&#038;fl_builder#gf_2'>\n                        <ul id='gform_fields_2' class='gform_fields top_label form_sublabel_below description_below'><li id='field_2_1'  class='gfield field_sublabel_below field_description_below gfield_visibility_visible' ><label class='gfield_label' for='input_2_1' >Vorname<\/label><input name='input_1' id='input_2_1' type='text' value='' class='medium'  tabindex='100'  placeholder='Vorname'  aria-invalid=\"false\" \/><\/li><li id='field_2_2'  class='gfield field_sublabel_below field_description_below gfield_visibility_visible' ><label class='gfield_label' for='input_2_2' >Name<\/label><input name='input_2' id='input_2_2' type='text' value='' class='medium'  tabindex='101'  placeholder='Name'  aria-invalid=\"false\" \/><\/li><li id='field_2_3'  class='gfield field_sublabel_below field_description_below gfield_visibility_visible' ><label class='gfield_label' for='input_2_3' >Funktion\/Institution<\/label><input name='input_3' id='input_2_3' type='text' value='' class='medium'  tabindex='102'  placeholder='Funktion\/Institution'  aria-invalid=\"false\" \/><\/li><li id='field_2_4'  class='gfield field_sublabel_below field_description_below gfield_visibility_visible' ><label class='gfield_label' for='input_2_4' >Email<\/label><input name='input_4' id='input_2_4' type='text' value='' class='medium'  tabindex='103'  placeholder='Email'  aria-invalid=\"false\" \/><\/li><li id='field_2_5'  class='gfield field_sublabel_below field_description_below gfield_visibility_visible' ><label class='gfield_label' for='input_2_5' >Telefon<\/label><input name='input_5' id='input_2_5' type='text' value='' class='medium'  tabindex='104'  placeholder='Telefonnummer'  aria-invalid=\"false\" \/><\/li><li id='field_2_7'  class='gfield field_sublabel_below field_description_below gfield_visibility_visible' ><label class='gfield_label' for='input_2_7' >Ihre Nachricht<\/label><textarea name='input_7' id='input_2_7' class='textarea medium' tabindex='105'  placeholder='Nachricht'  aria-invalid=\"false\"   rows='10' cols='50'><\/textarea><\/li><li id='field_2_8'  class='gfield field_sublabel_below field_description_below gfield_visibility_visible' ><label class='gfield_label' for='input_2_8' >CAPTCHA<\/label><\/li>\n                            <\/ul>\n         <input type='submit' id='gform_submit_button_2' class='gform_button button' value='Senden' tabindex='107' onclick='if(window[\"gf_submitting_2\"]){return false;}  window[\"gf_submitting_2\"]=true;  ' onkeypress='if( event.keyCode == 13 ){ if(window[\"gf_submitting_2\"]){return false;} window[\"gf_submitting_2\"]=true;  jQuery(\"#gform_2\").trigger(\"submit\",[true]); }' \/> <input type='hidden' name='gform_ajax' value='form_id=2&amp;title=&amp;description=&amp;tabindex=100' \/>\n            <input type='hidden' class='gform_hidden' name='is_submit_2' value='1' \/>\n            <input type='hidden' class='gform_hidden' name='gform_submit' value='2' \/>\n            <input type='hidden' class='gform_hidden' name='gform_unique_id' value='' \/>\n            <input type='hidden' class='gform_hidden' name='state_2' value='WyJbXSIsImE0ZmFlOGE1ZTRjMzQyMTM3NGRjZjdkZjc2Zjk0NGNmIl0=' \/>\n            <input type='hidden' class='gform_hidden' name='gform_target_page_number_2' id='gform_target_page_number_2' value='0' \/>\n            <input type='hidden' class='gform_hidden' name='gform_source_page_number_2' id='gform_source_page_number_2' value='1' \/>\n            <input type='hidden' name='gform_field_values' value='' \/>\n                        <\/form>\n                <iframe style='display:none;width:0px;height:0px;' src='about:blank' name='gform_ajax_frame_2' id='gform_ajax_frame_2'>Dieser iframe enth\u00e4lt die erforderliche Logik um Gravity Forms Formulare mit AJAX zu handhaben.<\/iframe>\n\n","protected":false},"excerpt":{"rendered":"<p>Kontakt Vorstand und Gesch\u00e4ftsleitung Der Vorstand der SKHG und die Gesch\u00e4ftsleiterin leiten gemeinsam die laufenden Gesch\u00e4fte. CO-PR\u00c4SIDENTINNEN Magdalena K\u00fcng Koordinatorin H\u00e4usliche Gewalt Riedholzplatz 3 4509 Solothurn magdalena.kueng@ddi.so.ch &nbsp; Laurence Boegli Cheffe d&#8217;office &#8211; D\u00e9l\u00e9gue\u00e9 \u00e0 l&#8217;\u00e9galit\u00e9 Office de la politique familiale et de l&#8217;\u00e9galit\u00e9 Rue de Tivoli 28 Case postale 1 2002 Neuch\u00e2tel www.ne.ch\/opfe GESCH\u00c4FTSLEITERIN&hellip;<\/p>\n","protected":false},"author":2,"featured_media":1200,"parent":0,"menu_order":0,"comment_status":"closed","ping_status":"closed","template":"","meta":{"_acf_changed":false,"footnotes":""},"class_list":["post-180","page","type-page","status-publish","has-post-thumbnail","hentry"],"acf":[],"yoast_head":"<!-- This site is optimized with the Yoast SEO plugin v27.2 - https:\/\/yoast.com\/product\/yoast-seo-wordpress\/ -->\n<title>Kontakt - CSVD<\/title>\n<meta name=\"robots\" content=\"index, follow, max-snippet:-1, max-image-preview:large, max-video-preview:-1\" \/>\n<link rel=\"canonical\" href=\"https:\/\/csvd.ch\/contact\/\" \/>\n<meta property=\"og:locale\" content=\"de_DE\" \/>\n<meta property=\"og:type\" content=\"article\" \/>\n<meta property=\"og:title\" content=\"Kontakt - CSVD\" \/>\n<meta property=\"og:description\" content=\"Kontakt Vorstand und Gesch\u00e4ftsleitung Der Vorstand der SKHG und die Gesch\u00e4ftsleiterin leiten gemeinsam die laufenden Gesch\u00e4fte. CO-PR\u00c4SIDENTINNEN Magdalena K\u00fcng Koordinatorin H\u00e4usliche Gewalt Riedholzplatz 3 4509 Solothurn magdalena.kueng@ddi.so.ch &nbsp; Laurence Boegli Cheffe d&#8217;office &#8211; D\u00e9l\u00e9gue\u00e9 \u00e0 l&#8217;\u00e9galit\u00e9 Office de la politique familiale et de l&#8217;\u00e9galit\u00e9 Rue de Tivoli 28 Case postale 1 2002 Neuch\u00e2tel www.ne.ch\/opfe GESCH\u00c4FTSLEITERIN&hellip;\" \/>\n<meta property=\"og:url\" content=\"https:\/\/csvd.ch\/contact\/\" \/>\n<meta property=\"og:site_name\" content=\"CSVD\" \/>\n<meta property=\"article:modified_time\" content=\"2025-02-28T12:46:55+00:00\" \/>\n<meta property=\"og:image\" content=\"https:\/\/csvd.ch\/app\/uploads\/2022\/12\/thumbnail-article-csvd.jpg\" \/>\n\t<meta property=\"og:image:width\" content=\"800\" \/>\n\t<meta property=\"og:image:height\" content=\"600\" \/>\n\t<meta property=\"og:image:type\" content=\"image\/jpeg\" \/>\n<meta name=\"twitter:card\" content=\"summary_large_image\" \/>\n<script type=\"application\/ld+json\" class=\"yoast-schema-graph\">{\"@context\":\"https:\/\/schema.org\",\"@graph\":[{\"@type\":\"WebPage\",\"@id\":\"https:\/\/csvd.ch\/contact\/\",\"url\":\"https:\/\/csvd.ch\/contact\/\",\"name\":\"Kontakt - CSVD\",\"isPartOf\":{\"@id\":\"https:\/\/csvd.ch\/#website\"},\"primaryImageOfPage\":{\"@id\":\"https:\/\/csvd.ch\/contact\/#primaryimage\"},\"image\":{\"@id\":\"https:\/\/csvd.ch\/contact\/#primaryimage\"},\"thumbnailUrl\":\"https:\/\/csvd.ch\/app\/uploads\/2022\/12\/thumbnail-article-csvd.jpg\",\"datePublished\":\"2018-06-04T14:52:59+00:00\",\"dateModified\":\"2025-02-28T12:46:55+00:00\",\"breadcrumb\":{\"@id\":\"https:\/\/csvd.ch\/contact\/#breadcrumb\"},\"inLanguage\":\"de-DE\",\"potentialAction\":[{\"@type\":\"ReadAction\",\"target\":[\"https:\/\/csvd.ch\/contact\/\"]}]},{\"@type\":\"ImageObject\",\"inLanguage\":\"de-DE\",\"@id\":\"https:\/\/csvd.ch\/contact\/#primaryimage\",\"url\":\"https:\/\/csvd.ch\/app\/uploads\/2022\/12\/thumbnail-article-csvd.jpg\",\"contentUrl\":\"https:\/\/csvd.ch\/app\/uploads\/2022\/12\/thumbnail-article-csvd.jpg\",\"width\":800,\"height\":600},{\"@type\":\"BreadcrumbList\",\"@id\":\"https:\/\/csvd.ch\/contact\/#breadcrumb\",\"itemListElement\":[{\"@type\":\"ListItem\",\"position\":1,\"name\":\"Home\",\"item\":\"https:\/\/csvd.ch\/de\/\"},{\"@type\":\"ListItem\",\"position\":2,\"name\":\"Kontakt\"}]},{\"@type\":\"WebSite\",\"@id\":\"https:\/\/csvd.ch\/#website\",\"url\":\"https:\/\/csvd.ch\/\",\"name\":\"CSVD\",\"description\":\"CSVD\",\"potentialAction\":[{\"@type\":\"SearchAction\",\"target\":{\"@type\":\"EntryPoint\",\"urlTemplate\":\"https:\/\/csvd.ch\/?s={search_term_string}\"},\"query-input\":{\"@type\":\"PropertyValueSpecification\",\"valueRequired\":true,\"valueName\":\"search_term_string\"}}],\"inLanguage\":\"de-DE\"}]}<\/script>\n<!-- \/ Yoast SEO plugin. -->","yoast_head_json":{"title":"Kontakt - CSVD","robots":{"index":"index","follow":"follow","max-snippet":"max-snippet:-1","max-image-preview":"max-image-preview:large","max-video-preview":"max-video-preview:-1"},"canonical":"https:\/\/csvd.ch\/contact\/","og_locale":"de_DE","og_type":"article","og_title":"Kontakt - CSVD","og_description":"Kontakt Vorstand und Gesch\u00e4ftsleitung Der Vorstand der SKHG und die Gesch\u00e4ftsleiterin leiten gemeinsam die laufenden Gesch\u00e4fte. CO-PR\u00c4SIDENTINNEN Magdalena K\u00fcng Koordinatorin H\u00e4usliche Gewalt Riedholzplatz 3 4509 Solothurn magdalena.kueng@ddi.so.ch &nbsp; Laurence Boegli Cheffe d&#8217;office &#8211; D\u00e9l\u00e9gue\u00e9 \u00e0 l&#8217;\u00e9galit\u00e9 Office de la politique familiale et de l&#8217;\u00e9galit\u00e9 Rue de Tivoli 28 Case postale 1 2002 Neuch\u00e2tel www.ne.ch\/opfe GESCH\u00c4FTSLEITERIN&hellip;","og_url":"https:\/\/csvd.ch\/contact\/","og_site_name":"CSVD","article_modified_time":"2025-02-28T12:46:55+00:00","og_image":[{"width":800,"height":600,"url":"https:\/\/csvd.ch\/app\/uploads\/2022\/12\/thumbnail-article-csvd.jpg","type":"image\/jpeg"}],"twitter_card":"summary_large_image","schema":{"@context":"https:\/\/schema.org","@graph":[{"@type":"WebPage","@id":"https:\/\/csvd.ch\/contact\/","url":"https:\/\/csvd.ch\/contact\/","name":"Kontakt - CSVD","isPartOf":{"@id":"https:\/\/csvd.ch\/#website"},"primaryImageOfPage":{"@id":"https:\/\/csvd.ch\/contact\/#primaryimage"},"image":{"@id":"https:\/\/csvd.ch\/contact\/#primaryimage"},"thumbnailUrl":"https:\/\/csvd.ch\/app\/uploads\/2022\/12\/thumbnail-article-csvd.jpg","datePublished":"2018-06-04T14:52:59+00:00","dateModified":"2025-02-28T12:46:55+00:00","breadcrumb":{"@id":"https:\/\/csvd.ch\/contact\/#breadcrumb"},"inLanguage":"de-DE","potentialAction":[{"@type":"ReadAction","target":["https:\/\/csvd.ch\/contact\/"]}]},{"@type":"ImageObject","inLanguage":"de-DE","@id":"https:\/\/csvd.ch\/contact\/#primaryimage","url":"https:\/\/csvd.ch\/app\/uploads\/2022\/12\/thumbnail-article-csvd.jpg","contentUrl":"https:\/\/csvd.ch\/app\/uploads\/2022\/12\/thumbnail-article-csvd.jpg","width":800,"height":600},{"@type":"BreadcrumbList","@id":"https:\/\/csvd.ch\/contact\/#breadcrumb","itemListElement":[{"@type":"ListItem","position":1,"name":"Home","item":"https:\/\/csvd.ch\/de\/"},{"@type":"ListItem","position":2,"name":"Kontakt"}]},{"@type":"WebSite","@id":"https:\/\/csvd.ch\/#website","url":"https:\/\/csvd.ch\/","name":"CSVD","description":"CSVD","potentialAction":[{"@type":"SearchAction","target":{"@type":"EntryPoint","urlTemplate":"https:\/\/csvd.ch\/?s={search_term_string}"},"query-input":{"@type":"PropertyValueSpecification","valueRequired":true,"valueName":"search_term_string"}}],"inLanguage":"de-DE"}]}},"_links":{"self":[{"href":"https:\/\/csvd.ch\/de\/wp-json\/wp\/v2\/pages\/180","targetHints":{"allow":["GET"]}}],"collection":[{"href":"https:\/\/csvd.ch\/de\/wp-json\/wp\/v2\/pages"}],"about":[{"href":"https:\/\/csvd.ch\/de\/wp-json\/wp\/v2\/types\/page"}],"author":[{"embeddable":true,"href":"https:\/\/csvd.ch\/de\/wp-json\/wp\/v2\/users\/2"}],"replies":[{"embeddable":true,"href":"https:\/\/csvd.ch\/de\/wp-json\/wp\/v2\/comments?post=180"}],"version-history":[{"count":37,"href":"https:\/\/csvd.ch\/de\/wp-json\/wp\/v2\/pages\/180\/revisions"}],"predecessor-version":[{"id":1518,"href":"https:\/\/csvd.ch\/de\/wp-json\/wp\/v2\/pages\/180\/revisions\/1518"}],"wp:featuredmedia":[{"embeddable":true,"href":"https:\/\/csvd.ch\/de\/wp-json\/wp\/v2\/media\/1200"}],"wp:attachment":[{"href":"https:\/\/csvd.ch\/de\/wp-json\/wp\/v2\/media?parent=180"}],"curies":[{"name":"wp","href":"https:\/\/api.w.org\/{rel}","templated":true}]}}