{"id":171,"date":"2018-06-04T16:49:32","date_gmt":"2018-06-04T14:49:32","guid":{"rendered":"https:\/\/csvd.ch\/?page_id=171"},"modified":"2023-02-09T08:26:12","modified_gmt":"2023-02-09T07:26:12","slug":"haeusliche-gewalt","status":"publish","type":"page","link":"https:\/\/csvd.ch\/de\/haeusliche-gewalt\/","title":{"rendered":"H\u00e4usliche Gewalt"},"content":{"rendered":"<h1>\n\t\tBienvenue\n\t<\/h1>\n\t\t<h2>\n\t\t<\/h2>\n\t<p>F&uuml;r eine erfolgreiche Bek&auml;mpfung h&auml;uslicher Gewalt braucht es eine gute Koordination und Zusammenarbeit zwischen Fachpersonen aus dem Sozialbereich, Gesundheitswesen und der Strafverfolgung sowie ein dezidiertes Engagement von Politik, Medien und &Ouml;ffentlichkeit.<\/p>\n\t\t<h2>\n\t\t<\/h2>\n\t<p>Der Begriff h\u00e4usliche Gewalt bezeichnet alle Handlungen k\u00f6rperlicher, sexueller, psychischer und wirtschaftlicher Gewalt, die innerhalb der Familie oder des Haushalts zwischen fr\u00fcheren oder derzeitigen Eheleuten oder Partnerinnen beziehungsweise Partnern vorkommt, unabh\u00e4ngig davon, ob der T\u00e4ter beziehungsweise die T\u00e4terin denselben Wohnsitz wie das Opfer hat oder hatte (Definition gem\u00e4ss Art. 3 der <a href=\"https:\/\/www.admin.ch\/opc\/de\/classified-compilation\/20162518\/index.html\">Istanbul-Konvention<\/a>).<\/p>\n\t\t<h2>\n\t\t<\/h2>\n\t<p>In der Schweiz muss die Polizei rund 40 Mal pro Tag wegen Gewalt im h\u00e4uslichen Bereich intervenieren. Im Jahr 2016 verloren 21 Menschen ihr Leben durch Gewalt in Familie und Partnerschaft. In weiteren 53 F\u00e4llen blieb es beim T\u00f6tungsversuch. 27\u2018000 Kinder erleben gem\u00e4ss Sch\u00e4tzungen j\u00e4hrlich h\u00e4usliche Gewalt mit. Opferbefragungen zeigen auf, dass jede f\u00fcnfte Frau einmal in ihrem Leben Opfer von Gewalt durch einen Partner oder Ex-Partner wird. Die Folgekosten h\u00e4uslicher Gewalt belaufen sich gem\u00e4ss einer vorsichtigen Sch\u00e4tzung aus dem Jahr 2013 j\u00e4hrlich auf 188 bis 310 Millionen Franken. Weitere Zahlen zu h\u00e4uslicher Gewalt sind zu finden:<\/p>\n\t\t\t<h4><\/h4>\n\t\t\t<p>In den Jahresberichten der polizeilichen Kriminalstatistik PKS, die vom Bundesamt f\u00fcr Statistik BFS herausgegeben werden<\/p>\t\t\n                <a href=\"https:\/\/www.bfs.admin.ch\/bfs\/fr\/home\/statistiques\/criminalite-droit-penal\/police\/violence-domestique.html\" target=\"_self\" rel=\"nofollow noopener noreferrer\">Link zur Website<\/a>\n\t\t\t<h4><\/h4>\n\t\t\t<p>Informationsblatt Nr. 9 des Eidgen\u00f6ssischen B\u00fcros f\u00fcr die Gleichstellung von Frau und Mann EBG<\/p>\t\t\n                <a href=\"https:\/\/www.ebg.admin.ch\/ebg\/de\/home\/dokumentation\/publikationen\/publikationen-zu-gewalt\/informationsblaetter-haeusliche-gewalt.html\" target=\"_self\" rel=\"nofollow noopener noreferrer\">Link zur Website<\/a>\n\t\t\t<h4><\/h4>\n\t\t\t<p>In kantonalen Statistiken (siehe kantonale Interventions und Koordinationsstellen)<\/p>\t\t\n                <a href=\"https:\/\/csvd.ch\/de\/skhg\/\" target=\"_self\" rel=\"nofollow noopener noreferrer\">Detail der SKHG<\/a>\n","protected":false},"excerpt":{"rendered":"<p>Bienvenue F&uuml;r eine erfolgreiche Bek&auml;mpfung h&auml;uslicher Gewalt braucht es eine gute Koordination und Zusammenarbeit zwischen Fachpersonen aus dem Sozialbereich, Gesundheitswesen und der Strafverfolgung sowie ein dezidiertes Engagement von Politik, Medien und &Ouml;ffentlichkeit. Der Begriff h\u00e4usliche Gewalt bezeichnet alle Handlungen k\u00f6rperlicher, sexueller, psychischer und wirtschaftlicher Gewalt, die innerhalb der Familie oder des Haushalts zwischen fr\u00fcheren oder&hellip;<\/p>\n","protected":false},"author":2,"featured_media":1201,"parent":0,"menu_order":0,"comment_status":"closed","ping_status":"closed","template":"","meta":{"_acf_changed":false,"footnotes":""},"class_list":["post-171","page","type-page","status-publish","has-post-thumbnail","hentry"],"acf":[],"yoast_head":"<!-- This site is optimized with the Yoast SEO plugin v27.2 - https:\/\/yoast.com\/product\/yoast-seo-wordpress\/ -->\n<title>H\u00e4usliche Gewalt - CSVD<\/title>\n<meta name=\"robots\" content=\"index, follow, max-snippet:-1, max-image-preview:large, max-video-preview:-1\" \/>\n<link rel=\"canonical\" href=\"https:\/\/csvd.ch\/violence-domestique\/\" \/>\n<meta property=\"og:locale\" content=\"de_DE\" \/>\n<meta property=\"og:type\" content=\"article\" \/>\n<meta property=\"og:title\" content=\"H\u00e4usliche Gewalt - CSVD\" \/>\n<meta property=\"og:description\" content=\"Bienvenue F&uuml;r eine erfolgreiche Bek&auml;mpfung h&auml;uslicher Gewalt braucht es eine gute Koordination und Zusammenarbeit zwischen Fachpersonen aus dem Sozialbereich, Gesundheitswesen und der Strafverfolgung sowie ein dezidiertes Engagement von Politik, Medien und &Ouml;ffentlichkeit. Der Begriff h\u00e4usliche Gewalt bezeichnet alle Handlungen k\u00f6rperlicher, sexueller, psychischer und wirtschaftlicher Gewalt, die innerhalb der Familie oder des Haushalts zwischen fr\u00fcheren oder&hellip;\" \/>\n<meta property=\"og:url\" content=\"https:\/\/csvd.ch\/violence-domestique\/\" \/>\n<meta property=\"og:site_name\" content=\"CSVD\" \/>\n<meta property=\"article:modified_time\" content=\"2023-02-09T07:26:12+00:00\" \/>\n<meta property=\"og:image\" content=\"https:\/\/csvd.ch\/app\/uploads\/2022\/12\/thumbnail-article-csvd.jpg\" \/>\n\t<meta property=\"og:image:width\" content=\"800\" \/>\n\t<meta property=\"og:image:height\" content=\"600\" \/>\n\t<meta property=\"og:image:type\" content=\"image\/jpeg\" \/>\n<meta name=\"twitter:card\" content=\"summary_large_image\" \/>\n<meta name=\"twitter:label1\" content=\"Est. reading time\" \/>\n\t<meta name=\"twitter:data1\" content=\"1 minute\" \/>\n<script type=\"application\/ld+json\" class=\"yoast-schema-graph\">{\"@context\":\"https:\/\/schema.org\",\"@graph\":[{\"@type\":\"WebPage\",\"@id\":\"https:\/\/csvd.ch\/violence-domestique\/\",\"url\":\"https:\/\/csvd.ch\/violence-domestique\/\",\"name\":\"H\u00e4usliche Gewalt - CSVD\",\"isPartOf\":{\"@id\":\"https:\/\/csvd.ch\/#website\"},\"primaryImageOfPage\":{\"@id\":\"https:\/\/csvd.ch\/violence-domestique\/#primaryimage\"},\"image\":{\"@id\":\"https:\/\/csvd.ch\/violence-domestique\/#primaryimage\"},\"thumbnailUrl\":\"https:\/\/csvd.ch\/app\/uploads\/2022\/12\/thumbnail-article-csvd.jpg\",\"datePublished\":\"2018-06-04T14:49:32+00:00\",\"dateModified\":\"2023-02-09T07:26:12+00:00\",\"breadcrumb\":{\"@id\":\"https:\/\/csvd.ch\/violence-domestique\/#breadcrumb\"},\"inLanguage\":\"de-DE\",\"potentialAction\":[{\"@type\":\"ReadAction\",\"target\":[\"https:\/\/csvd.ch\/violence-domestique\/\"]}]},{\"@type\":\"ImageObject\",\"inLanguage\":\"de-DE\",\"@id\":\"https:\/\/csvd.ch\/violence-domestique\/#primaryimage\",\"url\":\"https:\/\/csvd.ch\/app\/uploads\/2022\/12\/thumbnail-article-csvd.jpg\",\"contentUrl\":\"https:\/\/csvd.ch\/app\/uploads\/2022\/12\/thumbnail-article-csvd.jpg\",\"width\":800,\"height\":600},{\"@type\":\"BreadcrumbList\",\"@id\":\"https:\/\/csvd.ch\/violence-domestique\/#breadcrumb\",\"itemListElement\":[{\"@type\":\"ListItem\",\"position\":1,\"name\":\"Home\",\"item\":\"https:\/\/csvd.ch\/de\/\"},{\"@type\":\"ListItem\",\"position\":2,\"name\":\"H\u00e4usliche Gewalt\"}]},{\"@type\":\"WebSite\",\"@id\":\"https:\/\/csvd.ch\/#website\",\"url\":\"https:\/\/csvd.ch\/\",\"name\":\"CSVD\",\"description\":\"CSVD\",\"potentialAction\":[{\"@type\":\"SearchAction\",\"target\":{\"@type\":\"EntryPoint\",\"urlTemplate\":\"https:\/\/csvd.ch\/?s={search_term_string}\"},\"query-input\":{\"@type\":\"PropertyValueSpecification\",\"valueRequired\":true,\"valueName\":\"search_term_string\"}}],\"inLanguage\":\"de-DE\"}]}<\/script>\n<!-- \/ Yoast SEO plugin. -->","yoast_head_json":{"title":"H\u00e4usliche Gewalt - CSVD","robots":{"index":"index","follow":"follow","max-snippet":"max-snippet:-1","max-image-preview":"max-image-preview:large","max-video-preview":"max-video-preview:-1"},"canonical":"https:\/\/csvd.ch\/violence-domestique\/","og_locale":"de_DE","og_type":"article","og_title":"H\u00e4usliche Gewalt - CSVD","og_description":"Bienvenue F&uuml;r eine erfolgreiche Bek&auml;mpfung h&auml;uslicher Gewalt braucht es eine gute Koordination und Zusammenarbeit zwischen Fachpersonen aus dem Sozialbereich, Gesundheitswesen und der Strafverfolgung sowie ein dezidiertes Engagement von Politik, Medien und &Ouml;ffentlichkeit. Der Begriff h\u00e4usliche Gewalt bezeichnet alle Handlungen k\u00f6rperlicher, sexueller, psychischer und wirtschaftlicher Gewalt, die innerhalb der Familie oder des Haushalts zwischen fr\u00fcheren oder&hellip;","og_url":"https:\/\/csvd.ch\/violence-domestique\/","og_site_name":"CSVD","article_modified_time":"2023-02-09T07:26:12+00:00","og_image":[{"width":800,"height":600,"url":"https:\/\/csvd.ch\/app\/uploads\/2022\/12\/thumbnail-article-csvd.jpg","type":"image\/jpeg"}],"twitter_card":"summary_large_image","twitter_misc":{"Est. reading time":"1 minute"},"schema":{"@context":"https:\/\/schema.org","@graph":[{"@type":"WebPage","@id":"https:\/\/csvd.ch\/violence-domestique\/","url":"https:\/\/csvd.ch\/violence-domestique\/","name":"H\u00e4usliche Gewalt - CSVD","isPartOf":{"@id":"https:\/\/csvd.ch\/#website"},"primaryImageOfPage":{"@id":"https:\/\/csvd.ch\/violence-domestique\/#primaryimage"},"image":{"@id":"https:\/\/csvd.ch\/violence-domestique\/#primaryimage"},"thumbnailUrl":"https:\/\/csvd.ch\/app\/uploads\/2022\/12\/thumbnail-article-csvd.jpg","datePublished":"2018-06-04T14:49:32+00:00","dateModified":"2023-02-09T07:26:12+00:00","breadcrumb":{"@id":"https:\/\/csvd.ch\/violence-domestique\/#breadcrumb"},"inLanguage":"de-DE","potentialAction":[{"@type":"ReadAction","target":["https:\/\/csvd.ch\/violence-domestique\/"]}]},{"@type":"ImageObject","inLanguage":"de-DE","@id":"https:\/\/csvd.ch\/violence-domestique\/#primaryimage","url":"https:\/\/csvd.ch\/app\/uploads\/2022\/12\/thumbnail-article-csvd.jpg","contentUrl":"https:\/\/csvd.ch\/app\/uploads\/2022\/12\/thumbnail-article-csvd.jpg","width":800,"height":600},{"@type":"BreadcrumbList","@id":"https:\/\/csvd.ch\/violence-domestique\/#breadcrumb","itemListElement":[{"@type":"ListItem","position":1,"name":"Home","item":"https:\/\/csvd.ch\/de\/"},{"@type":"ListItem","position":2,"name":"H\u00e4usliche Gewalt"}]},{"@type":"WebSite","@id":"https:\/\/csvd.ch\/#website","url":"https:\/\/csvd.ch\/","name":"CSVD","description":"CSVD","potentialAction":[{"@type":"SearchAction","target":{"@type":"EntryPoint","urlTemplate":"https:\/\/csvd.ch\/?s={search_term_string}"},"query-input":{"@type":"PropertyValueSpecification","valueRequired":true,"valueName":"search_term_string"}}],"inLanguage":"de-DE"}]}},"_links":{"self":[{"href":"https:\/\/csvd.ch\/de\/wp-json\/wp\/v2\/pages\/171","targetHints":{"allow":["GET"]}}],"collection":[{"href":"https:\/\/csvd.ch\/de\/wp-json\/wp\/v2\/pages"}],"about":[{"href":"https:\/\/csvd.ch\/de\/wp-json\/wp\/v2\/types\/page"}],"author":[{"embeddable":true,"href":"https:\/\/csvd.ch\/de\/wp-json\/wp\/v2\/users\/2"}],"replies":[{"embeddable":true,"href":"https:\/\/csvd.ch\/de\/wp-json\/wp\/v2\/comments?post=171"}],"version-history":[{"count":19,"href":"https:\/\/csvd.ch\/de\/wp-json\/wp\/v2\/pages\/171\/revisions"}],"predecessor-version":[{"id":1222,"href":"https:\/\/csvd.ch\/de\/wp-json\/wp\/v2\/pages\/171\/revisions\/1222"}],"wp:featuredmedia":[{"embeddable":true,"href":"https:\/\/csvd.ch\/de\/wp-json\/wp\/v2\/media\/1201"}],"wp:attachment":[{"href":"https:\/\/csvd.ch\/de\/wp-json\/wp\/v2\/media?parent=171"}],"curies":[{"name":"wp","href":"https:\/\/api.w.org\/{rel}","templated":true}]}}