{"id":119,"date":"2018-06-12T09:13:44","date_gmt":"2018-06-12T07:13:44","guid":{"rendered":"https:\/\/cvd.app\/?page_id=119"},"modified":"2020-01-31T10:40:58","modified_gmt":"2020-01-31T09:40:58","slug":"willkommen","status":"publish","type":"page","link":"https:\/\/csvd.ch\/de\/","title":{"rendered":"Willkommen"},"content":{"rendered":"<h1>\n\t\tWillkommen\n\t<\/h1>\n\t\t<h2>\n\t\t\tDie Schweizerische Konferenz gegen H\u00e4usliche Gewalt (SKHG)\n\t\t<\/h2>\n\t\t\t\t<img loading=\"lazy\" decoding=\"async\" src=\"https:\/\/csvd.ch\/app\/uploads\/2018\/08\/CVD_img_set-01_01.png\" alt=\"CVD_img_set-01_01\" itemprop=\"image\" height=\"120\" width=\"305\" title=\"CVD_img_set-01_01\"  \/>\n\t<p>ist der Zusammenschluss der Leiterinnen und Leiter der kantonalen Interventions- und Koordinationsstellen gegen h\u00e4usliche Gewalt.<\/p>\n\t\t\t\t<img loading=\"lazy\" decoding=\"async\" src=\"https:\/\/csvd.ch\/app\/uploads\/2018\/06\/CVD_img_set-01_02.png\" alt=\"CVD_img_set-01_02\" itemprop=\"image\" height=\"153\" width=\"385\" title=\"CVD_img_set-01_02\"  \/>\n\t<p>Sie stellt den Informationsaustausch zwischen den Kantonen sicher,<\/p>\n\t\t\t\t<img loading=\"lazy\" decoding=\"async\" src=\"https:\/\/csvd.ch\/app\/uploads\/2018\/06\/CVD_img_set-01_03.png\" alt=\"CVD_img_set-01_03\" itemprop=\"image\" height=\"153\" width=\"385\" title=\"CVD_img_set-01_03\"  \/>\n\t<p>bearbeitet interkantonale Dossiers und<\/p>\n\t\t\t\t<img loading=\"lazy\" decoding=\"async\" src=\"https:\/\/csvd.ch\/app\/uploads\/2018\/08\/CVD_img_set-01_04.png\" alt=\"CVD_img_set-01_04\" itemprop=\"image\" height=\"136\" width=\"303\" title=\"CVD_img_set-01_04\"  \/>\n\t<p>f\u00fchrt j\u00e4hrlich ein nationales Treffen durch.<\/p>\n\t\t<h2>\n\t\t\tDie SKHG setzt sich ein f\u00fcr:\n\t\t<\/h2>\n\t\t\t\t<img loading=\"lazy\" decoding=\"async\" src=\"https:\/\/csvd.ch\/app\/uploads\/2018\/08\/CVD_img_set-02_01.png\" alt=\"CVD_img_set-02_01\" itemprop=\"image\" height=\"131\" width=\"325\" title=\"CVD_img_set-02_01\"  \/>\n\t<p>eine Null-Toleranz gegen\u00fcber h\u00e4uslicher Gewalt,<\/p>\n\t\t\t\t<img loading=\"lazy\" decoding=\"async\" src=\"https:\/\/csvd.ch\/app\/uploads\/2018\/08\/CVD_img_set-02_02.png\" alt=\"CVD_img_set-02_02\" itemprop=\"image\" height=\"146\" width=\"188\" title=\"CVD_img_set-02_02\"  \/>\n\t<p>die Pr\u00e4vention im Bereich h\u00e4uslicher Gewalt,<\/p>\n\t\t\t\t<img loading=\"lazy\" decoding=\"async\" src=\"https:\/\/csvd.ch\/app\/uploads\/2018\/08\/CVD_img_set-02_03.png\" alt=\"CVD_img_set-02_03\" itemprop=\"image\" height=\"119\" width=\"318\" title=\"CVD_img_set-02_03\"  \/>\n\t<p>den Schutz von Opfern h\u00e4uslicher Gewalt und die Unterst\u00fctzung betroffenener Menschen(Erwachsene und Minderj\u00e4hrige),<\/p>\n\t\t\t\t<img loading=\"lazy\" decoding=\"async\" src=\"https:\/\/csvd.ch\/app\/uploads\/2018\/08\/CVD_img_set-02_04.png\" alt=\"CVD_img_set-02_04\" itemprop=\"image\" height=\"142\" width=\"287\" title=\"CVD_img_set-02_04\"  \/>\n\t<p>die konsequente Strafverfolgung bei h\u00e4uslicher Gewalt.<\/p>\n","protected":false},"excerpt":{"rendered":"<p>Willkommen Die Schweizerische Konferenz gegen H\u00e4usliche Gewalt (SKHG) ist der Zusammenschluss der Leiterinnen und Leiter der kantonalen Interventions- und Koordinationsstellen gegen h\u00e4usliche Gewalt. Sie stellt den Informationsaustausch zwischen den Kantonen sicher, bearbeitet interkantonale Dossiers und f\u00fchrt j\u00e4hrlich ein nationales Treffen durch. Die SKHG setzt sich ein f\u00fcr: eine Null-Toleranz gegen\u00fcber h\u00e4uslicher Gewalt, die Pr\u00e4vention im&hellip;<\/p>\n","protected":false},"author":2,"featured_media":1200,"parent":0,"menu_order":0,"comment_status":"closed","ping_status":"closed","template":"","meta":{"_acf_changed":false,"footnotes":""},"class_list":["post-119","page","type-page","status-publish","has-post-thumbnail","hentry"],"acf":[],"yoast_head":"<!-- This site is optimized with the Yoast SEO plugin v27.2 - https:\/\/yoast.com\/product\/yoast-seo-wordpress\/ -->\n<title>Willkommen - CSVD<\/title>\n<meta name=\"robots\" content=\"index, follow, max-snippet:-1, max-image-preview:large, max-video-preview:-1\" \/>\n<link rel=\"canonical\" href=\"https:\/\/csvd.ch\/de\/\" \/>\n<meta property=\"og:locale\" content=\"de_DE\" \/>\n<meta property=\"og:type\" content=\"article\" \/>\n<meta property=\"og:title\" content=\"Willkommen - CSVD\" \/>\n<meta property=\"og:description\" content=\"Willkommen Die Schweizerische Konferenz gegen H\u00e4usliche Gewalt (SKHG) ist der Zusammenschluss der Leiterinnen und Leiter der kantonalen Interventions- und Koordinationsstellen gegen h\u00e4usliche Gewalt. Sie stellt den Informationsaustausch zwischen den Kantonen sicher, bearbeitet interkantonale Dossiers und f\u00fchrt j\u00e4hrlich ein nationales Treffen durch. Die SKHG setzt sich ein f\u00fcr: eine Null-Toleranz gegen\u00fcber h\u00e4uslicher Gewalt, die Pr\u00e4vention im&hellip;\" \/>\n<meta property=\"og:url\" content=\"https:\/\/csvd.ch\/de\/\" \/>\n<meta property=\"og:site_name\" content=\"CSVD\" \/>\n<meta property=\"article:modified_time\" content=\"2020-01-31T09:40:58+00:00\" \/>\n<meta property=\"og:image\" content=\"https:\/\/csvd.ch\/app\/uploads\/2022\/12\/thumbnail-article-csvd.jpg\" \/>\n\t<meta property=\"og:image:width\" content=\"800\" \/>\n\t<meta property=\"og:image:height\" content=\"600\" \/>\n\t<meta property=\"og:image:type\" content=\"image\/jpeg\" \/>\n<meta name=\"twitter:card\" content=\"summary_large_image\" \/>\n<script type=\"application\/ld+json\" class=\"yoast-schema-graph\">{\"@context\":\"https:\/\/schema.org\",\"@graph\":[{\"@type\":\"WebPage\",\"@id\":\"https:\/\/csvd.ch\/de\/\",\"url\":\"https:\/\/csvd.ch\/de\/\",\"name\":\"Willkommen - CSVD\",\"isPartOf\":{\"@id\":\"https:\/\/csvd.ch\/#website\"},\"primaryImageOfPage\":{\"@id\":\"https:\/\/csvd.ch\/de\/#primaryimage\"},\"image\":{\"@id\":\"https:\/\/csvd.ch\/de\/#primaryimage\"},\"thumbnailUrl\":\"https:\/\/csvd.ch\/app\/uploads\/2022\/12\/thumbnail-article-csvd.jpg\",\"datePublished\":\"2018-06-12T07:13:44+00:00\",\"dateModified\":\"2020-01-31T09:40:58+00:00\",\"breadcrumb\":{\"@id\":\"https:\/\/csvd.ch\/de\/#breadcrumb\"},\"inLanguage\":\"de-DE\",\"potentialAction\":[{\"@type\":\"ReadAction\",\"target\":[\"https:\/\/csvd.ch\/de\/\"]}]},{\"@type\":\"ImageObject\",\"inLanguage\":\"de-DE\",\"@id\":\"https:\/\/csvd.ch\/de\/#primaryimage\",\"url\":\"https:\/\/csvd.ch\/app\/uploads\/2022\/12\/thumbnail-article-csvd.jpg\",\"contentUrl\":\"https:\/\/csvd.ch\/app\/uploads\/2022\/12\/thumbnail-article-csvd.jpg\",\"width\":800,\"height\":600},{\"@type\":\"BreadcrumbList\",\"@id\":\"https:\/\/csvd.ch\/de\/#breadcrumb\",\"itemListElement\":[{\"@type\":\"ListItem\",\"position\":1,\"name\":\"Home\",\"item\":\"https:\/\/csvd.ch\/de\/\"},{\"@type\":\"ListItem\",\"position\":2,\"name\":\"Willkommen\"}]},{\"@type\":\"WebSite\",\"@id\":\"https:\/\/csvd.ch\/#website\",\"url\":\"https:\/\/csvd.ch\/\",\"name\":\"CSVD\",\"description\":\"CSVD\",\"potentialAction\":[{\"@type\":\"SearchAction\",\"target\":{\"@type\":\"EntryPoint\",\"urlTemplate\":\"https:\/\/csvd.ch\/?s={search_term_string}\"},\"query-input\":{\"@type\":\"PropertyValueSpecification\",\"valueRequired\":true,\"valueName\":\"search_term_string\"}}],\"inLanguage\":\"de-DE\"}]}<\/script>\n<!-- \/ Yoast SEO plugin. -->","yoast_head_json":{"title":"Willkommen - CSVD","robots":{"index":"index","follow":"follow","max-snippet":"max-snippet:-1","max-image-preview":"max-image-preview:large","max-video-preview":"max-video-preview:-1"},"canonical":"https:\/\/csvd.ch\/de\/","og_locale":"de_DE","og_type":"article","og_title":"Willkommen - CSVD","og_description":"Willkommen Die Schweizerische Konferenz gegen H\u00e4usliche Gewalt (SKHG) ist der Zusammenschluss der Leiterinnen und Leiter der kantonalen Interventions- und Koordinationsstellen gegen h\u00e4usliche Gewalt. Sie stellt den Informationsaustausch zwischen den Kantonen sicher, bearbeitet interkantonale Dossiers und f\u00fchrt j\u00e4hrlich ein nationales Treffen durch. Die SKHG setzt sich ein f\u00fcr: eine Null-Toleranz gegen\u00fcber h\u00e4uslicher Gewalt, die Pr\u00e4vention im&hellip;","og_url":"https:\/\/csvd.ch\/de\/","og_site_name":"CSVD","article_modified_time":"2020-01-31T09:40:58+00:00","og_image":[{"width":800,"height":600,"url":"https:\/\/csvd.ch\/app\/uploads\/2022\/12\/thumbnail-article-csvd.jpg","type":"image\/jpeg"}],"twitter_card":"summary_large_image","schema":{"@context":"https:\/\/schema.org","@graph":[{"@type":"WebPage","@id":"https:\/\/csvd.ch\/de\/","url":"https:\/\/csvd.ch\/de\/","name":"Willkommen - CSVD","isPartOf":{"@id":"https:\/\/csvd.ch\/#website"},"primaryImageOfPage":{"@id":"https:\/\/csvd.ch\/de\/#primaryimage"},"image":{"@id":"https:\/\/csvd.ch\/de\/#primaryimage"},"thumbnailUrl":"https:\/\/csvd.ch\/app\/uploads\/2022\/12\/thumbnail-article-csvd.jpg","datePublished":"2018-06-12T07:13:44+00:00","dateModified":"2020-01-31T09:40:58+00:00","breadcrumb":{"@id":"https:\/\/csvd.ch\/de\/#breadcrumb"},"inLanguage":"de-DE","potentialAction":[{"@type":"ReadAction","target":["https:\/\/csvd.ch\/de\/"]}]},{"@type":"ImageObject","inLanguage":"de-DE","@id":"https:\/\/csvd.ch\/de\/#primaryimage","url":"https:\/\/csvd.ch\/app\/uploads\/2022\/12\/thumbnail-article-csvd.jpg","contentUrl":"https:\/\/csvd.ch\/app\/uploads\/2022\/12\/thumbnail-article-csvd.jpg","width":800,"height":600},{"@type":"BreadcrumbList","@id":"https:\/\/csvd.ch\/de\/#breadcrumb","itemListElement":[{"@type":"ListItem","position":1,"name":"Home","item":"https:\/\/csvd.ch\/de\/"},{"@type":"ListItem","position":2,"name":"Willkommen"}]},{"@type":"WebSite","@id":"https:\/\/csvd.ch\/#website","url":"https:\/\/csvd.ch\/","name":"CSVD","description":"CSVD","potentialAction":[{"@type":"SearchAction","target":{"@type":"EntryPoint","urlTemplate":"https:\/\/csvd.ch\/?s={search_term_string}"},"query-input":{"@type":"PropertyValueSpecification","valueRequired":true,"valueName":"search_term_string"}}],"inLanguage":"de-DE"}]}},"_links":{"self":[{"href":"https:\/\/csvd.ch\/de\/wp-json\/wp\/v2\/pages\/119","targetHints":{"allow":["GET"]}}],"collection":[{"href":"https:\/\/csvd.ch\/de\/wp-json\/wp\/v2\/pages"}],"about":[{"href":"https:\/\/csvd.ch\/de\/wp-json\/wp\/v2\/types\/page"}],"author":[{"embeddable":true,"href":"https:\/\/csvd.ch\/de\/wp-json\/wp\/v2\/users\/2"}],"replies":[{"embeddable":true,"href":"https:\/\/csvd.ch\/de\/wp-json\/wp\/v2\/comments?post=119"}],"version-history":[{"count":12,"href":"https:\/\/csvd.ch\/de\/wp-json\/wp\/v2\/pages\/119\/revisions"}],"predecessor-version":[{"id":911,"href":"https:\/\/csvd.ch\/de\/wp-json\/wp\/v2\/pages\/119\/revisions\/911"}],"wp:featuredmedia":[{"embeddable":true,"href":"https:\/\/csvd.ch\/de\/wp-json\/wp\/v2\/media\/1200"}],"wp:attachment":[{"href":"https:\/\/csvd.ch\/de\/wp-json\/wp\/v2\/media?parent=119"}],"curies":[{"name":"wp","href":"https:\/\/api.w.org\/{rel}","templated":true}]}}